{"id":1843,"date":"2020-11-01T03:40:36","date_gmt":"2020-11-01T03:40:36","guid":{"rendered":"https:\/\/www.lobodachi.com\/?page_id=1843"},"modified":"2020-11-01T03:45:14","modified_gmt":"2020-11-01T03:45:14","slug":"faqs","status":"publish","type":"page","link":"https:\/\/www.lobodachi.com\/?page_id=1843","title":{"rendered":"FAQs"},"content":{"rendered":"            <div class=\"qae-faqs-container qae-faqs-toggle-container\">\n\t\t\t\t\t\t<div id=\"qaef-1879\" class=\"qe-faq-toggle \">\n\t\t\t<div class=\"qe-toggle-title\">\n\t\t\t\t<h4>\n\t\t\t\t\t<i class=\"fa fa-minus-circle\"><\/i> \u00bfC\u00f3mo hago una compra?\t\t\t\t<\/h4>\n\t\t\t<\/div>\n\t\t\t<div class=\"qe-toggle-content\">\n\t\t\t\t\n<p>Primero tienes que estar seguro de que comprar\u00e1s tales art\u00edculos. Agr\u00e9galos a tu carrito y finaliza la compra (necesitas crear cuenta para poder hacer esto). Una vez finalizada tu compra, yo me voy a comunicar contigo v\u00eda Facebook para confirmarte disponibilidad de lo que ordenaste y pasarte formas de pago. Una vez concretado el primer pago, los art\u00edculos ya ser\u00e1n tuyos. De no contestar en menos de 24 horas el mensaje que te mande por Facebook, tu pedido se cancelar\u00e1 y todo lo que hayas metido en el carrito se pondr\u00e1 en stock de nuevo. <br><br>Para que mis mensajes no se vayan a spam en Facebook, te recomiendo que me agregues como amigo, para hacerlo puedes darle click <a rel=\"noreferrer noopener\" href=\"https:\/\/www.facebook.com\/Lobodachi\/\" target=\"_blank\">aqu\u00ed<\/a>. <br><br>El primer pago de lo que hayas ordenado ser\u00e1 de entre el 50% al 100% del costo total de tu pedido dependiendo de los productos comprados.<\/p>\n\t\t\t<\/div>\n\t\t<\/div>\n\t\t\t\t<div id=\"qaef-1892\" class=\"qe-faq-toggle \">\n\t\t\t<div class=\"qe-toggle-title\">\n\t\t\t\t<h4>\n\t\t\t\t\t<i class=\"fa fa-minus-circle\"><\/i> Formas de Pago\t\t\t\t<\/h4>\n\t\t\t<\/div>\n\t\t\t<div class=\"qe-toggle-content\">\n\t\t\t\t\n<p>Para pagos dentro de M\u00e9xico acepto dep\u00f3sito bancario, transferencia SPEI o pago en oxxo. Tengo cuenta en Scotiabank, no manejo mercado pago. Acepto Paypal, pero se cobrar\u00e1 un 7% m\u00e1s (al precio del producto, env\u00edo, etc.).<\/p>\n\t\t\t<\/div>\n\t\t<\/div>\n\t\t\t\t<div id=\"qaef-1891\" class=\"qe-faq-toggle \">\n\t\t\t<div class=\"qe-toggle-title\">\n\t\t\t\t<h4>\n\t\t\t\t\t<i class=\"fa fa-minus-circle\"><\/i> Tipos de Env\u00edo\t\t\t\t<\/h4>\n\t\t\t<\/div>\n\t\t\t<div class=\"qe-toggle-content\">\n\t\t\t\t\n<p>Recuerden que vivo en Jap\u00f3n, todos los precios que vean es s\u00f3lo lo del art\u00edculo.<br><br>Manejamos s\u00f3lamente EMS, es expr\u00e9s con n\u00famero de gu\u00eda, y tarda aproximadamente 10 d\u00edas laborales. El costo del env\u00edo depende del peso total del paquete, estos son los costos de los primeros pesajes:<br>Hasta 500g             $460 (m\u00ednimo)<br>Hasta 600g             $490<br>Hasta 700g             $530<br>Hasta 800g             $570<br>Hasta 900g             $610<br>Hasta 1.0kg            $650<br>Hasta 1.25kg          $740<br>Hasta 1.5kg            $830<br>Hasta 1.75kg           $920<br>Hasta 2.0kg             $1,010<\/p>\n\n\n\n<p>(se pueden m\u00e1s pesados)<\/p>\n\n\n\n<p>No manejo paqueter\u00edas privadas porque aparte de ser mucho m\u00e1s caras, todas pasan por revisi\u00f3n aduanal, en cambio con EMS es muy poco probable que se atoren.<br>Siempre declaro los paquetes con valor de $50 d\u00f3lares o menos para evitar justamente que se atore en aduana, si el cliente quiere que le declare valor real, h\u00e1gamelo saber.<\/p>\n\n\n\n<p>Doy n\u00famero de gu\u00eda y es responsabilidad del cliente estar monitoreando su paquete, correos siempre hace 3 visitas al domicilio especificado, y luego retiene el paquete en oficinas por una semana para que pasen por \u00e9l. Pasada esa semana, se regresa el paquete a Jap\u00f3n, con gusto se los vuelvo a enviar, pero haciendo una vez m\u00e1s el pago del costo de env\u00edo.<\/p>\n\t\t\t<\/div>\n\t\t<\/div>\n\t\t\t\t<div id=\"qaef-1893\" class=\"qe-faq-toggle \">\n\t\t\t<div class=\"qe-toggle-title\">\n\t\t\t\t<h4>\n\t\t\t\t\t<i class=\"fa fa-minus-circle\"><\/i> \u00bfPublicar\u00e1s preventas en el cat\u00e1logo en l\u00ednea?\t\t\t\t<\/h4>\n\t\t\t<\/div>\n\t\t\t<div class=\"qe-toggle-content\">\n\t\t\t\t\n<p>Por el momento no, las preventas y las cosas bajo pedido todav\u00eda se har\u00e1n por Facebook en el grupo de <a href=\"https:\/\/www.facebook.com\/groups\/lobodachi\" target=\"_blank\" rel=\"noreferrer noopener\">Lobodachi<\/a>.<\/p>\n\t\t\t<\/div>\n\t\t<\/div>\n\t\t\t\t<div id=\"qaef-1894\" class=\"qe-faq-toggle \">\n\t\t\t<div class=\"qe-toggle-title\">\n\t\t\t\t<h4>\n\t\t\t\t\t<i class=\"fa fa-minus-circle\"><\/i> \u00bfPuedo cancelar un pedido?\t\t\t\t<\/h4>\n\t\t\t<\/div>\n\t\t\t<div class=\"qe-toggle-content\">\n\t\t\t\t\n<p>S\u00ed puedes cancelar un pedido, pero a quien abuse de esta opci\u00f3n entrar\u00e1 a lista negra y no podr\u00e1 realizar pedidos por aqu\u00ed o por Facebook.<\/p>\n\t\t\t<\/div>\n\t\t<\/div>\n\t\t            <\/div>\n\t\t\n","protected":false},"excerpt":{"rendered":"","protected":false},"author":2,"featured_media":0,"parent":0,"menu_order":0,"comment_status":"closed","ping_status":"closed","template":"","meta":[],"_links":{"self":[{"href":"https:\/\/www.lobodachi.com\/index.php?rest_route=\/wp\/v2\/pages\/1843"}],"collection":[{"href":"https:\/\/www.lobodachi.com\/index.php?rest_route=\/wp\/v2\/pages"}],"about":[{"href":"https:\/\/www.lobodachi.com\/index.php?rest_route=\/wp\/v2\/types\/page"}],"author":[{"embeddable":true,"href":"https:\/\/www.lobodachi.com\/index.php?rest_route=\/wp\/v2\/users\/2"}],"replies":[{"embeddable":true,"href":"https:\/\/www.lobodachi.com\/index.php?rest_route=%2Fwp%2Fv2%2Fcomments&post=1843"}],"version-history":[{"count":3,"href":"https:\/\/www.lobodachi.com\/index.php?rest_route=\/wp\/v2\/pages\/1843\/revisions"}],"predecessor-version":[{"id":1846,"href":"https:\/\/www.lobodachi.com\/index.php?rest_route=\/wp\/v2\/pages\/1843\/revisions\/1846"}],"wp:attachment":[{"href":"https:\/\/www.lobodachi.com\/index.php?rest_route=%2Fwp%2Fv2%2Fmedia&parent=1843"}],"curies":[{"name":"wp","href":"https:\/\/api.w.org\/{rel}","templated":true}]}}