{"id":1319,"date":"2020-10-17T15:30:28","date_gmt":"2020-10-17T15:30:28","guid":{"rendered":"http:\/\/www.lobodachi.com\/?post_type=product&#038;p=1319"},"modified":"2023-12-08T17:44:09","modified_gmt":"2023-12-08T17:44:09","slug":"megaman-11-pack-amiibo","status":"publish","type":"product","link":"https:\/\/www.lobodachi.com\/?product=megaman-11-pack-amiibo","title":{"rendered":"Megaman 11 Pack (amiibo)"},"content":{"rendered":"<p>Nintendo\/Capcom Original<br \/>\nMegaman 11 para Nintendo Switch Pack<br \/>\nIncluye:<br \/>\nMegaman 11 Juego<br \/>\nGu\u00eda de juego (Japon\u00e9s)<br \/>\n1 P\u00f3ster<br \/>\n1 Amiibo Megaman series<\/p>\n<p>(Sin candado de regi\u00f3n)<\/p>\n","protected":false},"excerpt":{"rendered":"<p>Nintendo\/Capcom Original Megaman 11 para Nintendo Switch Pack Incluye: Megaman 11 Juego Gu\u00eda de juego (Japon\u00e9s) 1 P\u00f3ster 1 Amiibo Megaman series (Sin candado de regi\u00f3n)<\/p>\n","protected":false},"featured_media":1331,"template":"","meta":[],"_links":{"self":[{"href":"https:\/\/www.lobodachi.com\/index.php?rest_route=\/wp\/v2\/product\/1319"}],"collection":[{"href":"https:\/\/www.lobodachi.com\/index.php?rest_route=\/wp\/v2\/product"}],"about":[{"href":"https:\/\/www.lobodachi.com\/index.php?rest_route=\/wp\/v2\/types\/product"}],"wp:featuredmedia":[{"embeddable":true,"href":"https:\/\/www.lobodachi.com\/index.php?rest_route=\/wp\/v2\/media\/1331"}],"wp:attachment":[{"href":"https:\/\/www.lobodachi.com\/index.php?rest_route=%2Fwp%2Fv2%2Fmedia&parent=1319"}],"curies":[{"name":"wp","href":"https:\/\/api.w.org\/{rel}","templated":true}]}}