{"id":198,"date":"2020-09-22T08:44:21","date_gmt":"2020-09-22T08:44:21","guid":{"rendered":"http:\/\/numeralia.uaz.edu.mx\/wordpress\/?post_type=product&#038;p=198"},"modified":"2025-10-23T16:18:46","modified_gmt":"2025-10-23T16:18:46","slug":"eevolutions-pack-de-cuadernos-5","status":"publish","type":"product","link":"https:\/\/www.lobodachi.com\/?product=eevolutions-pack-de-cuadernos-5","title":{"rendered":"Pokemon Christmas in the Sea Esfera"},"content":{"rendered":"<p>Pokemon Center Originals<br \/>\nPokemon Christmas in the Sea<br \/>\nEsfera Navide\u00f1a<br \/>\nAl azar (1 de 8 diferentes)<br \/>\nEsfera de pl\u00e1stico con charm met\u00e1lico adentro<\/p>\n<p>Navidad<\/p>\n","protected":false},"excerpt":{"rendered":"<p>Pokemon Center Originals Pokemon Christmas in the Sea Esfera Navide\u00f1a Al azar (1 de 8 diferentes) Esfera de pl\u00e1stico con charm met\u00e1lico adentro Navidad<\/p>\n","protected":false},"featured_media":2999,"template":"","meta":[],"_links":{"self":[{"href":"https:\/\/www.lobodachi.com\/index.php?rest_route=\/wp\/v2\/product\/198"}],"collection":[{"href":"https:\/\/www.lobodachi.com\/index.php?rest_route=\/wp\/v2\/product"}],"about":[{"href":"https:\/\/www.lobodachi.com\/index.php?rest_route=\/wp\/v2\/types\/product"}],"wp:featuredmedia":[{"embeddable":true,"href":"https:\/\/www.lobodachi.com\/index.php?rest_route=\/wp\/v2\/media\/2999"}],"wp:attachment":[{"href":"https:\/\/www.lobodachi.com\/index.php?rest_route=%2Fwp%2Fv2%2Fmedia&parent=198"}],"curies":[{"name":"wp","href":"https:\/\/api.w.org\/{rel}","templated":true}]}}