{"id":2621,"date":"2021-05-13T16:12:30","date_gmt":"2021-05-13T16:12:30","guid":{"rendered":"https:\/\/www.lobodachi.com\/?post_type=product&#038;p=2621"},"modified":"2021-11-18T04:13:10","modified_gmt":"2021-11-18T04:13:10","slug":"monpoke-gift-set-para-bebe","status":"publish","type":"product","link":"https:\/\/www.lobodachi.com\/?product=monpoke-gift-set-para-bebe","title":{"rendered":"Monpoke Gift Set para Beb\u00e9"},"content":{"rendered":"<p>Pokemon Official<br \/>\nMonpoke Collection<br \/>\nSet para beb\u00e9s<br \/>\nArt\u00edculos hipoalerg\u00e9nicos.<\/p>\n","protected":false},"excerpt":{"rendered":"<p>Pokemon Official Monpoke Collection Set para beb\u00e9s Art\u00edculos hipoalerg\u00e9nicos.<\/p>\n","protected":false},"featured_media":2631,"template":"","meta":[],"_links":{"self":[{"href":"https:\/\/www.lobodachi.com\/index.php?rest_route=\/wp\/v2\/product\/2621"}],"collection":[{"href":"https:\/\/www.lobodachi.com\/index.php?rest_route=\/wp\/v2\/product"}],"about":[{"href":"https:\/\/www.lobodachi.com\/index.php?rest_route=\/wp\/v2\/types\/product"}],"wp:featuredmedia":[{"embeddable":true,"href":"https:\/\/www.lobodachi.com\/index.php?rest_route=\/wp\/v2\/media\/2631"}],"wp:attachment":[{"href":"https:\/\/www.lobodachi.com\/index.php?rest_route=%2Fwp%2Fv2%2Fmedia&parent=2621"}],"curies":[{"name":"wp","href":"https:\/\/api.w.org\/{rel}","templated":true}]}}