{"id":2687,"date":"2021-06-21T17:03:31","date_gmt":"2021-06-21T17:03:31","guid":{"rendered":"https:\/\/www.lobodachi.com\/?post_type=product&#038;p=2687"},"modified":"2022-10-19T21:49:44","modified_gmt":"2022-10-19T21:49:44","slug":"gameboy-light-gold-pokemon-red-segunda-mano","status":"publish","type":"product","link":"https:\/\/www.lobodachi.com\/?product=gameboy-light-gold-pokemon-red-segunda-mano","title":{"rendered":"Gameboy Light (Gold) &#038; Pokemon Red *Segunda mano*"},"content":{"rendered":"<p>Consola Retro<br \/>\nGameboy Light<br \/>\nArt\u00edculo de segunda mano<br \/>\n(Sin bloqueo de regi\u00f3n)<br \/>\nCon luz de fondo de f\u00e1brica.<br \/>\nLa consola prende sin problemas.<\/p>\n<p>No incluye bater\u00edas.<br \/>\nNo incluye el stand donde lo puse para tomarle las fotos :p<br \/>\nNo incluye caja.<\/p>\n<p>Incluye Pokemon Red Original<\/p>\n<p>Detalles<br \/>\n*Peque\u00f1os rasgu\u00f1os en toda la consola.<br \/>\n*Una peque\u00f1a manchita oscura en la pantalla, pero no afecta al jugar.<br \/>\n*Hay un peque\u00f1o falso contacto para prender la luz de fondo, pero si se mueve poquito, prende sin problemas.<br \/>\n*A lo mejor hay que limpiar el Pokemon Red, no siempre agarra, pero lo prob\u00e9 con otros juegos y agarra a la primera.<br \/>\n*No estoy seguro, pero a lo mejor el Pokemon necesite cambio de bater\u00eda para que grabe.<\/p>\n","protected":false},"excerpt":{"rendered":"<p>Consola Retro Gameboy Light Art\u00edculo de segunda mano (Sin bloqueo de regi\u00f3n) Con luz de fondo de f\u00e1brica. La consola prende sin problemas. No incluye bater\u00edas. No incluye el stand donde lo puse para tomarle las fotos :p No incluye caja. Incluye Pokemon Red Original Detalles *Peque\u00f1os rasgu\u00f1os en toda la consola. *Una peque\u00f1a manchita<a class=\"more-link\" href=\"https:\/\/www.lobodachi.com\/?product=gameboy-light-gold-pokemon-red-segunda-mano\">Leer m\u00e1s &xrarr; <\/a><\/p>\n","protected":false},"featured_media":2706,"template":"","meta":[],"_links":{"self":[{"href":"https:\/\/www.lobodachi.com\/index.php?rest_route=\/wp\/v2\/product\/2687"}],"collection":[{"href":"https:\/\/www.lobodachi.com\/index.php?rest_route=\/wp\/v2\/product"}],"about":[{"href":"https:\/\/www.lobodachi.com\/index.php?rest_route=\/wp\/v2\/types\/product"}],"wp:featuredmedia":[{"embeddable":true,"href":"https:\/\/www.lobodachi.com\/index.php?rest_route=\/wp\/v2\/media\/2706"}],"wp:attachment":[{"href":"https:\/\/www.lobodachi.com\/index.php?rest_route=%2Fwp%2Fv2%2Fmedia&parent=2687"}],"curies":[{"name":"wp","href":"https:\/\/api.w.org\/{rel}","templated":true}]}}