{"id":3029,"date":"2022-01-01T16:26:14","date_gmt":"2022-01-01T16:26:14","guid":{"rendered":"https:\/\/www.lobodachi.com\/?post_type=product&#038;p=3029"},"modified":"2026-02-04T07:38:53","modified_gmt":"2026-02-04T07:38:53","slug":"ceramica-nuevo-ano-pikachu-magikarp","status":"publish","type":"product","link":"https:\/\/www.lobodachi.com\/?product=ceramica-nuevo-ano-pikachu-magikarp","title":{"rendered":"Cer\u00e1mica Nuevo A\u00f1o Pikachu Magikarp"},"content":{"rendered":"<p>Pokemon Center Originals<br \/>\nFigura de Cer\u00e1mica<br \/>\nPikachu con Magikarp<br \/>\nColecci\u00f3n A\u00f1o Nuevo<\/p>\n","protected":false},"excerpt":{"rendered":"<p>Pokemon Center Originals Figura de Cer\u00e1mica Pikachu con Magikarp Colecci\u00f3n A\u00f1o Nuevo<\/p>\n","protected":false},"featured_media":3065,"template":"","meta":[],"_links":{"self":[{"href":"https:\/\/www.lobodachi.com\/index.php?rest_route=\/wp\/v2\/product\/3029"}],"collection":[{"href":"https:\/\/www.lobodachi.com\/index.php?rest_route=\/wp\/v2\/product"}],"about":[{"href":"https:\/\/www.lobodachi.com\/index.php?rest_route=\/wp\/v2\/types\/product"}],"wp:featuredmedia":[{"embeddable":true,"href":"https:\/\/www.lobodachi.com\/index.php?rest_route=\/wp\/v2\/media\/3065"}],"wp:attachment":[{"href":"https:\/\/www.lobodachi.com\/index.php?rest_route=%2Fwp%2Fv2%2Fmedia&parent=3029"}],"curies":[{"name":"wp","href":"https:\/\/api.w.org\/{rel}","templated":true}]}}