{"id":3080,"date":"2022-01-01T17:33:21","date_gmt":"2022-01-01T17:33:21","guid":{"rendered":"https:\/\/www.lobodachi.com\/?post_type=product&#038;p=3080"},"modified":"2022-04-09T13:04:32","modified_gmt":"2022-04-09T13:04:32","slug":"preventa-arceus-juego-pokemon-center-set","status":"publish","type":"product","link":"https:\/\/www.lobodachi.com\/?product=preventa-arceus-juego-pokemon-center-set","title":{"rendered":"PREVENTA Arceus Juego Pokemon Center Set"},"content":{"rendered":"<p>PREVENTA<br \/>\nPara apartar este art\u00edculo, se debe de hacer un adelanto de $700 pesos mexicanos.<br \/>\nFecha de salida: 28 de enero<br \/>\nL\u00edmite de Juegos por persona: 2 (Si ordenan m\u00e1s, cancelar\u00e9 los sobrantes)<\/p>\n<p>Incluye:<br \/>\nJuego (multi regi\u00f3n)<br \/>\nCarta Promo Arceus<br \/>\nLibro de arte.<\/p>\n","protected":false},"excerpt":{"rendered":"<p>PREVENTA Para apartar este art\u00edculo, se debe de hacer un adelanto de $700 pesos mexicanos. Fecha de salida: 28 de enero L\u00edmite de Juegos por persona: 2 (Si ordenan m\u00e1s, cancelar\u00e9 los sobrantes) Incluye: Juego (multi regi\u00f3n) Carta Promo Arceus Libro de arte.<\/p>\n","protected":false},"featured_media":3035,"template":"","meta":[],"_links":{"self":[{"href":"https:\/\/www.lobodachi.com\/index.php?rest_route=\/wp\/v2\/product\/3080"}],"collection":[{"href":"https:\/\/www.lobodachi.com\/index.php?rest_route=\/wp\/v2\/product"}],"about":[{"href":"https:\/\/www.lobodachi.com\/index.php?rest_route=\/wp\/v2\/types\/product"}],"wp:featuredmedia":[{"embeddable":true,"href":"https:\/\/www.lobodachi.com\/index.php?rest_route=\/wp\/v2\/media\/3035"}],"wp:attachment":[{"href":"https:\/\/www.lobodachi.com\/index.php?rest_route=%2Fwp%2Fv2%2Fmedia&parent=3080"}],"curies":[{"name":"wp","href":"https:\/\/api.w.org\/{rel}","templated":true}]}}