{"id":3120,"date":"2022-01-11T15:56:25","date_gmt":"2022-01-11T15:56:25","guid":{"rendered":"https:\/\/www.lobodachi.com\/?post_type=product&#038;p=3120"},"modified":"2022-03-07T15:36:17","modified_gmt":"2022-03-07T15:36:17","slug":"pokemon-tcg-card-display-energy","status":"publish","type":"product","link":"https:\/\/www.lobodachi.com\/?product=pokemon-tcg-card-display-energy","title":{"rendered":"Pokemon TCG Card Display (Energy)"},"content":{"rendered":"<p>Pokemon Oficial<br \/>\nDisplay de acr\u00edlico para tarjeta de Pokemon Game Card<br \/>\nDisplay transparente con dise\u00f1o de energ\u00edas<br \/>\nNO incluye carta.<\/p>\n","protected":false},"excerpt":{"rendered":"<p>Pokemon Oficial Display de acr\u00edlico para tarjeta de Pokemon Game Card Display transparente con dise\u00f1o de energ\u00edas NO incluye carta.<\/p>\n","protected":false},"featured_media":3124,"template":"","meta":[],"_links":{"self":[{"href":"https:\/\/www.lobodachi.com\/index.php?rest_route=\/wp\/v2\/product\/3120"}],"collection":[{"href":"https:\/\/www.lobodachi.com\/index.php?rest_route=\/wp\/v2\/product"}],"about":[{"href":"https:\/\/www.lobodachi.com\/index.php?rest_route=\/wp\/v2\/types\/product"}],"wp:featuredmedia":[{"embeddable":true,"href":"https:\/\/www.lobodachi.com\/index.php?rest_route=\/wp\/v2\/media\/3124"}],"wp:attachment":[{"href":"https:\/\/www.lobodachi.com\/index.php?rest_route=%2Fwp%2Fv2%2Fmedia&parent=3120"}],"curies":[{"name":"wp","href":"https:\/\/api.w.org\/{rel}","templated":true}]}}