{"id":3258,"date":"2022-03-14T16:01:59","date_gmt":"2022-03-14T16:01:59","guid":{"rendered":"https:\/\/www.lobodachi.com\/?post_type=product&#038;p=3258"},"modified":"2022-03-14T16:23:48","modified_gmt":"2022-03-14T16:23:48","slug":"lata-metalica-pokemon-band-festival","status":"publish","type":"product","link":"https:\/\/www.lobodachi.com\/?product=lata-metalica-pokemon-band-festival","title":{"rendered":"Lata Met\u00e1lica Pokemon Band Festival"},"content":{"rendered":"<p>Pokemon Center Original<br \/>Lata met\u00e1lica<br \/>Pokemon Band Festival Collection<br \/>La lata a\u00fan tiene todav\u00eda lo comestible, pero ya pas\u00f3 hace tiempo su fecha de expiraci\u00f3n, no recomiendo que se lo coman.<\/p>\n<p>Si tienes dudas sobre este o cualquier otro art\u00edculo, no dudes en mandarme un mensaje directo en <a href=\"https:\/\/www.facebook.com\/Lobodachi\">Facebook<\/a>.<\/p>\n","protected":false},"excerpt":{"rendered":"<p>Pokemon Center OriginalLata met\u00e1licaPokemon Band Festival CollectionLa lata a\u00fan tiene todav\u00eda lo comestible, pero ya pas\u00f3 hace tiempo su fecha de expiraci\u00f3n, no recomiendo que se lo coman. Si tienes dudas sobre este o cualquier otro art\u00edculo, no dudes en mandarme un mensaje directo en Facebook.<\/p>\n","protected":false},"featured_media":3194,"template":"","meta":[],"_links":{"self":[{"href":"https:\/\/www.lobodachi.com\/index.php?rest_route=\/wp\/v2\/product\/3258"}],"collection":[{"href":"https:\/\/www.lobodachi.com\/index.php?rest_route=\/wp\/v2\/product"}],"about":[{"href":"https:\/\/www.lobodachi.com\/index.php?rest_route=\/wp\/v2\/types\/product"}],"wp:featuredmedia":[{"embeddable":true,"href":"https:\/\/www.lobodachi.com\/index.php?rest_route=\/wp\/v2\/media\/3194"}],"wp:attachment":[{"href":"https:\/\/www.lobodachi.com\/index.php?rest_route=%2Fwp%2Fv2%2Fmedia&parent=3258"}],"curies":[{"name":"wp","href":"https:\/\/api.w.org\/{rel}","templated":true}]}}