{"id":3303,"date":"2022-04-07T05:56:17","date_gmt":"2022-04-07T05:56:17","guid":{"rendered":"https:\/\/www.lobodachi.com\/?post_type=product&#038;p=3303"},"modified":"2022-04-07T16:43:46","modified_gmt":"2022-04-07T16:43:46","slug":"charmander-report-kaitene-mascot","status":"publish","type":"product","link":"https:\/\/www.lobodachi.com\/?product=charmander-report-kaitene-mascot","title":{"rendered":"Charmander Report Kaitene Mascot"},"content":{"rendered":"<p>Pokemon Center Original<br \/>Charmander<br \/>Report Kaitene Mascot<br \/>12\u00d78\u00d76.5:cm<br \/>Si tienes preguntas sobre este o cualquier otro art\u00edculo, no dudes en mandarme un mensaje directo en <a href=\"https:\/\/www.facebook.com\/Lobodachi\">Facebook<\/a>.<\/p>\n","protected":false},"excerpt":{"rendered":"<p>Pokemon Center OriginalCharmanderReport Kaitene Mascot12\u00d78\u00d76.5:cmSi tienes preguntas sobre este o cualquier otro art\u00edculo, no dudes en mandarme un mensaje directo en Facebook.<\/p>\n","protected":false},"featured_media":3196,"template":"","meta":[],"_links":{"self":[{"href":"https:\/\/www.lobodachi.com\/index.php?rest_route=\/wp\/v2\/product\/3303"}],"collection":[{"href":"https:\/\/www.lobodachi.com\/index.php?rest_route=\/wp\/v2\/product"}],"about":[{"href":"https:\/\/www.lobodachi.com\/index.php?rest_route=\/wp\/v2\/types\/product"}],"wp:featuredmedia":[{"embeddable":true,"href":"https:\/\/www.lobodachi.com\/index.php?rest_route=\/wp\/v2\/media\/3196"}],"wp:attachment":[{"href":"https:\/\/www.lobodachi.com\/index.php?rest_route=%2Fwp%2Fv2%2Fmedia&parent=3303"}],"curies":[{"name":"wp","href":"https:\/\/api.w.org\/{rel}","templated":true}]}}