{"id":3306,"date":"2022-04-07T05:56:17","date_gmt":"2022-04-07T05:56:17","guid":{"rendered":"https:\/\/www.lobodachi.com\/?post_type=product&#038;p=3306"},"modified":"2025-09-25T09:10:28","modified_gmt":"2025-09-25T09:10:28","slug":"mewtwo-ball-freak-mascot","status":"publish","type":"product","link":"https:\/\/www.lobodachi.com\/?product=mewtwo-ball-freak-mascot","title":{"rendered":"Mewtwo BALL FREAK Mascot"},"content":{"rendered":"<p>Pokemon Center Originals<br \/>\nMewtwo<br \/>\nMasterball<br \/>\n14\u00d710\u00d710:cm<br \/>\nSi tienes preguntas sobre este o cualquier otro art\u00edculo, no dudes en mandarme un mensaje directo en <a href=\"https:\/\/www.facebook.com\/Lobodachi\">Facebook<\/a>.<\/p>\n","protected":false},"excerpt":{"rendered":"<p>Pokemon Center Originals Mewtwo Masterball 14\u00d710\u00d710:cm Si tienes preguntas sobre este o cualquier otro art\u00edculo, no dudes en mandarme un mensaje directo en Facebook.<\/p>\n","protected":false},"featured_media":3203,"template":"","meta":[],"_links":{"self":[{"href":"https:\/\/www.lobodachi.com\/index.php?rest_route=\/wp\/v2\/product\/3306"}],"collection":[{"href":"https:\/\/www.lobodachi.com\/index.php?rest_route=\/wp\/v2\/product"}],"about":[{"href":"https:\/\/www.lobodachi.com\/index.php?rest_route=\/wp\/v2\/types\/product"}],"wp:featuredmedia":[{"embeddable":true,"href":"https:\/\/www.lobodachi.com\/index.php?rest_route=\/wp\/v2\/media\/3203"}],"wp:attachment":[{"href":"https:\/\/www.lobodachi.com\/index.php?rest_route=%2Fwp%2Fv2%2Fmedia&parent=3306"}],"curies":[{"name":"wp","href":"https:\/\/api.w.org\/{rel}","templated":true}]}}