{"id":3330,"date":"2022-04-07T11:55:28","date_gmt":"2022-04-07T11:55:28","guid":{"rendered":"https:\/\/www.lobodachi.com\/?post_type=product&#038;p=3330"},"modified":"2022-04-09T16:06:12","modified_gmt":"2022-04-09T16:06:12","slug":"radioeva-evangelion-ev-005-mochila","status":"publish","type":"product","link":"https:\/\/www.lobodachi.com\/?product=radioeva-evangelion-ev-005-mochila","title":{"rendered":"RadioEVA Evangelion EV-005 Mochila"},"content":{"rendered":"<p>Evangelion Oficial<br \/>MisZapatos Original<br \/>Mochila<\/p>\n<h2 class=\"heading_10\"><span>EV-005 Pilot<\/span><\/h2>\n<p>40\u00d724\u00d716cm<\/p>\n<div class=\"woocommerce-tabs wc-tabs-wrapper\">\n<div id=\"tab-description\" class=\"woocommerce-Tabs-panel woocommerce-Tabs-panel--description panel entry-content wc-tab\" role=\"tabpanel\" aria-labelledby=\"tab-title-description\">\n<p>Si tienes preguntas sobre este o cualquier otro art\u00edculo, no dudes en mandarme un mensaje directo en\u00a0<a href=\"https:\/\/www.facebook.com\/Lobodachi\">Facebook<\/a>.<\/p>\n<\/div>\n<\/div>\n<section class=\"related products\"><\/section><\/p>\n","protected":false},"excerpt":{"rendered":"<p>Evangelion OficialMisZapatos OriginalMochila EV-005 Pilot 40\u00d724\u00d716cm Si tienes preguntas sobre este o cualquier otro art\u00edculo, no dudes en mandarme un mensaje directo en\u00a0Facebook.<\/p>\n","protected":false},"featured_media":3343,"template":"","meta":[],"_links":{"self":[{"href":"https:\/\/www.lobodachi.com\/index.php?rest_route=\/wp\/v2\/product\/3330"}],"collection":[{"href":"https:\/\/www.lobodachi.com\/index.php?rest_route=\/wp\/v2\/product"}],"about":[{"href":"https:\/\/www.lobodachi.com\/index.php?rest_route=\/wp\/v2\/types\/product"}],"wp:featuredmedia":[{"embeddable":true,"href":"https:\/\/www.lobodachi.com\/index.php?rest_route=\/wp\/v2\/media\/3343"}],"wp:attachment":[{"href":"https:\/\/www.lobodachi.com\/index.php?rest_route=%2Fwp%2Fv2%2Fmedia&parent=3330"}],"curies":[{"name":"wp","href":"https:\/\/api.w.org\/{rel}","templated":true}]}}