{"id":3332,"date":"2022-04-07T11:55:28","date_gmt":"2022-04-07T11:55:28","guid":{"rendered":"https:\/\/www.lobodachi.com\/?post_type=product&#038;p=3332"},"modified":"2022-04-09T15:44:26","modified_gmt":"2022-04-09T15:44:26","slug":"eevee-collection-latita-metalica","status":"publish","type":"product","link":"https:\/\/www.lobodachi.com\/?product=eevee-collection-latita-metalica","title":{"rendered":"Eevee Collection Latita met\u00e1lica"},"content":{"rendered":"<p>Pokemon Center Origianls<br \/>1 Latita met\u00e1lica al azar<br \/>Eevolutions<\/p>\n<table class=\"product_info\">\n<tbody>\n<tr>\n<td>8\u00d75\u00d71.6:cm\u300046g<\/td>\n<\/tr>\n<\/tbody>\n<\/table>\n<p>Si tienes preguntas sobre este o cualquier otro art\u00edculo, no dudes en mandarme un mensaje directo en\u00a0<a href=\"https:\/\/www.facebook.com\/Lobodachi\">Facebook<\/a>.<\/p>\n","protected":false},"excerpt":{"rendered":"<p>Pokemon Center Origianls1 Latita met\u00e1lica al azarEevolutions 8\u00d75\u00d71.6:cm\u300046g Si tienes preguntas sobre este o cualquier otro art\u00edculo, no dudes en mandarme un mensaje directo en\u00a0Facebook.<\/p>\n","protected":false},"featured_media":3338,"template":"","meta":[],"_links":{"self":[{"href":"https:\/\/www.lobodachi.com\/index.php?rest_route=\/wp\/v2\/product\/3332"}],"collection":[{"href":"https:\/\/www.lobodachi.com\/index.php?rest_route=\/wp\/v2\/product"}],"about":[{"href":"https:\/\/www.lobodachi.com\/index.php?rest_route=\/wp\/v2\/types\/product"}],"wp:featuredmedia":[{"embeddable":true,"href":"https:\/\/www.lobodachi.com\/index.php?rest_route=\/wp\/v2\/media\/3338"}],"wp:attachment":[{"href":"https:\/\/www.lobodachi.com\/index.php?rest_route=%2Fwp%2Fv2%2Fmedia&parent=3332"}],"curies":[{"name":"wp","href":"https:\/\/api.w.org\/{rel}","templated":true}]}}