{"id":3485,"date":"2022-09-14T18:55:48","date_gmt":"2022-09-14T18:55:48","guid":{"rendered":"https:\/\/www.lobodachi.com\/?post_type=product&#038;p=3485"},"modified":"2026-04-02T00:18:53","modified_gmt":"2026-04-02T00:18:53","slug":"taza-halloween-pikachu-pumpkin","status":"publish","type":"product","link":"https:\/\/www.lobodachi.com\/?product=taza-halloween-pikachu-pumpkin","title":{"rendered":"Taza Halloween Pikachu Pumpkin"},"content":{"rendered":"<p>Pokemon Center Original<br \/>\nColecci\u00f3n Pumpkin Banquet<br \/>\nTaza<\/p>\n<table class=\"product_info\">\n<tbody>\n<tr>\n<td>8\u00d712.5\u00d79.5:cm\u3000235g<\/td>\n<\/tr>\n<\/tbody>\n<\/table>\n","protected":false},"excerpt":{"rendered":"<p>Pokemon Center Original Colecci\u00f3n Pumpkin Banquet Taza 8\u00d712.5\u00d79.5:cm\u3000235g<\/p>\n","protected":false},"featured_media":3493,"template":"","meta":[],"_links":{"self":[{"href":"https:\/\/www.lobodachi.com\/index.php?rest_route=\/wp\/v2\/product\/3485"}],"collection":[{"href":"https:\/\/www.lobodachi.com\/index.php?rest_route=\/wp\/v2\/product"}],"about":[{"href":"https:\/\/www.lobodachi.com\/index.php?rest_route=\/wp\/v2\/types\/product"}],"wp:featuredmedia":[{"embeddable":true,"href":"https:\/\/www.lobodachi.com\/index.php?rest_route=\/wp\/v2\/media\/3493"}],"wp:attachment":[{"href":"https:\/\/www.lobodachi.com\/index.php?rest_route=%2Fwp%2Fv2%2Fmedia&parent=3485"}],"curies":[{"name":"wp","href":"https:\/\/api.w.org\/{rel}","templated":true}]}}