{"id":3486,"date":"2022-09-14T18:55:49","date_gmt":"2022-09-14T18:55:49","guid":{"rendered":"https:\/\/www.lobodachi.com\/?post_type=product&#038;p=3486"},"modified":"2022-09-14T19:21:25","modified_gmt":"2022-09-14T19:21:25","slug":"scorbunny-halloween-plush","status":"publish","type":"product","link":"https:\/\/www.lobodachi.com\/?product=scorbunny-halloween-plush","title":{"rendered":"Scorbunny Halloween Plush"},"content":{"rendered":"<p>Pokemon Center Original<br \/>Colecci\u00f3n Pumpkin Banquet<br \/>Plush<\/p>\n<p>Scorbunny<br \/>30\u00d719\u00d710 cm<\/p>\n","protected":false},"excerpt":{"rendered":"<p>Pokemon Center OriginalColecci\u00f3n Pumpkin BanquetPlush Scorbunny30\u00d719\u00d710 cm<\/p>\n","protected":false},"featured_media":3499,"template":"","meta":[],"_links":{"self":[{"href":"https:\/\/www.lobodachi.com\/index.php?rest_route=\/wp\/v2\/product\/3486"}],"collection":[{"href":"https:\/\/www.lobodachi.com\/index.php?rest_route=\/wp\/v2\/product"}],"about":[{"href":"https:\/\/www.lobodachi.com\/index.php?rest_route=\/wp\/v2\/types\/product"}],"wp:featuredmedia":[{"embeddable":true,"href":"https:\/\/www.lobodachi.com\/index.php?rest_route=\/wp\/v2\/media\/3499"}],"wp:attachment":[{"href":"https:\/\/www.lobodachi.com\/index.php?rest_route=%2Fwp%2Fv2%2Fmedia&parent=3486"}],"curies":[{"name":"wp","href":"https:\/\/api.w.org\/{rel}","templated":true}]}}