{"id":3487,"date":"2022-09-14T18:55:49","date_gmt":"2022-09-14T18:55:49","guid":{"rendered":"https:\/\/www.lobodachi.com\/?post_type=product&#038;p=3487"},"modified":"2024-02-29T14:52:32","modified_gmt":"2024-02-29T14:52:32","slug":"snorlax-halloween-plush","status":"publish","type":"product","link":"https:\/\/www.lobodachi.com\/?product=snorlax-halloween-plush","title":{"rendered":"Snorlax Halloween Plush"},"content":{"rendered":"<p>Pokemon Center Original<br \/>\nColecci\u00f3n Pumpkin Banquet<br \/>\nPlush<\/p>\n<p>Snorlax<br \/>\n13\u00d724\u00d725 cm<\/p>\n","protected":false},"excerpt":{"rendered":"<p>Pokemon Center Original Colecci\u00f3n Pumpkin Banquet Plush Snorlax 13\u00d724\u00d725 cm<\/p>\n","protected":false},"featured_media":3498,"template":"","meta":[],"_links":{"self":[{"href":"https:\/\/www.lobodachi.com\/index.php?rest_route=\/wp\/v2\/product\/3487"}],"collection":[{"href":"https:\/\/www.lobodachi.com\/index.php?rest_route=\/wp\/v2\/product"}],"about":[{"href":"https:\/\/www.lobodachi.com\/index.php?rest_route=\/wp\/v2\/types\/product"}],"wp:featuredmedia":[{"embeddable":true,"href":"https:\/\/www.lobodachi.com\/index.php?rest_route=\/wp\/v2\/media\/3498"}],"wp:attachment":[{"href":"https:\/\/www.lobodachi.com\/index.php?rest_route=%2Fwp%2Fv2%2Fmedia&parent=3487"}],"curies":[{"name":"wp","href":"https:\/\/api.w.org\/{rel}","templated":true}]}}