{"id":3488,"date":"2022-09-14T18:55:49","date_gmt":"2022-09-14T18:55:49","guid":{"rendered":"https:\/\/www.lobodachi.com\/?post_type=product&#038;p=3488"},"modified":"2026-03-24T02:58:11","modified_gmt":"2026-03-24T02:58:11","slug":"drifblim-halloween-mascot","status":"publish","type":"product","link":"https:\/\/www.lobodachi.com\/?product=drifblim-halloween-mascot","title":{"rendered":"Drifblim Halloween Mascot"},"content":{"rendered":"<p>Pokemon Center Original<br \/>Colecci\u00f3n Pumpkin Banquet<br \/>Plush<\/p>\n<p>Drifblim<br \/>18\u00d78\u00d78(H\u00d7W\u00d7D:cm)<\/p>\n","protected":false},"excerpt":{"rendered":"<p>Pokemon Center OriginalColecci\u00f3n Pumpkin BanquetPlush Drifblim18\u00d78\u00d78(H\u00d7W\u00d7D:cm)<\/p>\n","protected":false},"featured_media":3497,"template":"","meta":[],"_links":{"self":[{"href":"https:\/\/www.lobodachi.com\/index.php?rest_route=\/wp\/v2\/product\/3488"}],"collection":[{"href":"https:\/\/www.lobodachi.com\/index.php?rest_route=\/wp\/v2\/product"}],"about":[{"href":"https:\/\/www.lobodachi.com\/index.php?rest_route=\/wp\/v2\/types\/product"}],"wp:featuredmedia":[{"embeddable":true,"href":"https:\/\/www.lobodachi.com\/index.php?rest_route=\/wp\/v2\/media\/3497"}],"wp:attachment":[{"href":"https:\/\/www.lobodachi.com\/index.php?rest_route=%2Fwp%2Fv2%2Fmedia&parent=3488"}],"curies":[{"name":"wp","href":"https:\/\/api.w.org\/{rel}","templated":true}]}}