{"id":3489,"date":"2022-09-14T18:55:49","date_gmt":"2022-09-14T18:55:49","guid":{"rendered":"https:\/\/www.lobodachi.com\/?post_type=product&#038;p=3489"},"modified":"2025-09-05T21:18:16","modified_gmt":"2025-09-05T21:18:16","slug":"pikachu-halloween-plush-pumpkin","status":"publish","type":"product","link":"https:\/\/www.lobodachi.com\/?product=pikachu-halloween-plush-pumpkin","title":{"rendered":"Pikachu Halloween Plush Pumpkin"},"content":{"rendered":"<p>Pokemon Center Original<br \/>\nColecci\u00f3n Pumpkin Banquet<br \/>\nPlush<\/p>\n<p>Pikachu<br \/>\n21.5\u00d717\u00d711.5 cm<\/p>\n","protected":false},"excerpt":{"rendered":"<p>Pokemon Center Original Colecci\u00f3n Pumpkin Banquet Plush Pikachu 21.5\u00d717\u00d711.5 cm<\/p>\n","protected":false},"featured_media":3496,"template":"","meta":[],"_links":{"self":[{"href":"https:\/\/www.lobodachi.com\/index.php?rest_route=\/wp\/v2\/product\/3489"}],"collection":[{"href":"https:\/\/www.lobodachi.com\/index.php?rest_route=\/wp\/v2\/product"}],"about":[{"href":"https:\/\/www.lobodachi.com\/index.php?rest_route=\/wp\/v2\/types\/product"}],"wp:featuredmedia":[{"embeddable":true,"href":"https:\/\/www.lobodachi.com\/index.php?rest_route=\/wp\/v2\/media\/3496"}],"wp:attachment":[{"href":"https:\/\/www.lobodachi.com\/index.php?rest_route=%2Fwp%2Fv2%2Fmedia&parent=3489"}],"curies":[{"name":"wp","href":"https:\/\/api.w.org\/{rel}","templated":true}]}}