{"id":3490,"date":"2022-09-14T18:55:49","date_gmt":"2022-09-14T18:55:49","guid":{"rendered":"https:\/\/www.lobodachi.com\/?post_type=product&#038;p=3490"},"modified":"2025-10-22T08:41:54","modified_gmt":"2025-10-22T08:41:54","slug":"piplup-halloween-plush","status":"publish","type":"product","link":"https:\/\/www.lobodachi.com\/?product=piplup-halloween-plush","title":{"rendered":"Piplup Halloween Plush"},"content":{"rendered":"<p>Pokemon Center Original<br \/>\nColecci\u00f3n Pumpkin Banquet<br \/>\nPlush<\/p>\n<p>Piplup<br \/>\n23\u00d720\u00d713(H\u00d7W\u00d7D:cm)<\/p>\n","protected":false},"excerpt":{"rendered":"<p>Pokemon Center Original Colecci\u00f3n Pumpkin Banquet Plush Piplup 23\u00d720\u00d713(H\u00d7W\u00d7D:cm)<\/p>\n","protected":false},"featured_media":3500,"template":"","meta":[],"_links":{"self":[{"href":"https:\/\/www.lobodachi.com\/index.php?rest_route=\/wp\/v2\/product\/3490"}],"collection":[{"href":"https:\/\/www.lobodachi.com\/index.php?rest_route=\/wp\/v2\/product"}],"about":[{"href":"https:\/\/www.lobodachi.com\/index.php?rest_route=\/wp\/v2\/types\/product"}],"wp:featuredmedia":[{"embeddable":true,"href":"https:\/\/www.lobodachi.com\/index.php?rest_route=\/wp\/v2\/media\/3500"}],"wp:attachment":[{"href":"https:\/\/www.lobodachi.com\/index.php?rest_route=%2Fwp%2Fv2%2Fmedia&parent=3490"}],"curies":[{"name":"wp","href":"https:\/\/api.w.org\/{rel}","templated":true}]}}