{"id":3491,"date":"2022-09-14T18:55:49","date_gmt":"2022-09-14T18:55:49","guid":{"rendered":"https:\/\/www.lobodachi.com\/?post_type=product&#038;p=3491"},"modified":"2025-07-10T11:28:31","modified_gmt":"2025-07-10T11:28:31","slug":"plato-extendido-halloween","status":"publish","type":"product","link":"https:\/\/www.lobodachi.com\/?product=plato-extendido-halloween","title":{"rendered":"Plato extendido Halloween"},"content":{"rendered":"<p>Pokemon Center Original<br \/>\nColecci\u00f3n Pumpkin Banquet<br \/>\nPlush<\/p>\n<p>1.7\u00d720\u00d720cm<\/p>\n","protected":false},"excerpt":{"rendered":"<p>Pokemon Center Original Colecci\u00f3n Pumpkin Banquet Plush 1.7\u00d720\u00d720cm<\/p>\n","protected":false},"featured_media":3495,"template":"","meta":[],"_links":{"self":[{"href":"https:\/\/www.lobodachi.com\/index.php?rest_route=\/wp\/v2\/product\/3491"}],"collection":[{"href":"https:\/\/www.lobodachi.com\/index.php?rest_route=\/wp\/v2\/product"}],"about":[{"href":"https:\/\/www.lobodachi.com\/index.php?rest_route=\/wp\/v2\/types\/product"}],"wp:featuredmedia":[{"embeddable":true,"href":"https:\/\/www.lobodachi.com\/index.php?rest_route=\/wp\/v2\/media\/3495"}],"wp:attachment":[{"href":"https:\/\/www.lobodachi.com\/index.php?rest_route=%2Fwp%2Fv2%2Fmedia&parent=3491"}],"curies":[{"name":"wp","href":"https:\/\/api.w.org\/{rel}","templated":true}]}}