{"id":3492,"date":"2022-09-14T18:55:49","date_gmt":"2022-09-14T18:55:49","guid":{"rendered":"https:\/\/www.lobodachi.com\/?post_type=product&#038;p=3492"},"modified":"2022-09-16T01:21:24","modified_gmt":"2022-09-16T01:21:24","slug":"pin-halloween-pumpkin-banquet","status":"publish","type":"product","link":"https:\/\/www.lobodachi.com\/?product=pin-halloween-pumpkin-banquet","title":{"rendered":"Pin Halloween Pumpkin Banquet"},"content":{"rendered":"<p>Pokemon Center Original<br \/>Colecci\u00f3n Pumpkin Banquet<br \/>Pin met\u00e1lico<\/p>\n<p>4.8\u00d74.7\u00d71.2 cm<\/p>\n","protected":false},"excerpt":{"rendered":"<p>Pokemon Center OriginalColecci\u00f3n Pumpkin BanquetPin met\u00e1lico 4.8\u00d74.7\u00d71.2 cm<\/p>\n","protected":false},"featured_media":3494,"template":"","meta":[],"_links":{"self":[{"href":"https:\/\/www.lobodachi.com\/index.php?rest_route=\/wp\/v2\/product\/3492"}],"collection":[{"href":"https:\/\/www.lobodachi.com\/index.php?rest_route=\/wp\/v2\/product"}],"about":[{"href":"https:\/\/www.lobodachi.com\/index.php?rest_route=\/wp\/v2\/types\/product"}],"wp:featuredmedia":[{"embeddable":true,"href":"https:\/\/www.lobodachi.com\/index.php?rest_route=\/wp\/v2\/media\/3494"}],"wp:attachment":[{"href":"https:\/\/www.lobodachi.com\/index.php?rest_route=%2Fwp%2Fv2%2Fmedia&parent=3492"}],"curies":[{"name":"wp","href":"https:\/\/api.w.org\/{rel}","templated":true}]}}