{"id":3506,"date":"2022-09-20T08:38:20","date_gmt":"2022-09-20T08:38:20","guid":{"rendered":"https:\/\/www.lobodachi.com\/?post_type=product&#038;p=3506"},"modified":"2022-09-21T14:00:12","modified_gmt":"2022-09-21T14:00:12","slug":"bazar-figurita-2","status":"publish","type":"product","link":"https:\/\/www.lobodachi.com\/?product=bazar-figurita-2","title":{"rendered":"Jujutsu Kaisen figurita (Bazar)"},"content":{"rendered":"<p>Lobodachi Bazar<br \/>La mayor\u00eda de los art\u00edculos en <a href=\"https:\/\/www.lobodachi.com\/?product_cat=lobodachi-bazar\">esta secci\u00f3n<\/a> son de segunda mano, pero hay uno que otro que s\u00ed es nuevo.<br \/>Todos los art\u00edculos son originales; ya sean oficiales o con licencia.<br \/>El pin de Lobodachi s\u00f3lo es para referencia de tama\u00f1o, mide 3cms de circunferencia.<\/p>\n","protected":false},"excerpt":{"rendered":"<p>Lobodachi BazarLa mayor\u00eda de los art\u00edculos en esta secci\u00f3n son de segunda mano, pero hay uno que otro que s\u00ed es nuevo.Todos los art\u00edculos son originales; ya sean oficiales o con licencia.El pin de Lobodachi s\u00f3lo es para referencia de tama\u00f1o, mide 3cms de circunferencia.<\/p>\n","protected":false},"featured_media":3520,"template":"","meta":[],"_links":{"self":[{"href":"https:\/\/www.lobodachi.com\/index.php?rest_route=\/wp\/v2\/product\/3506"}],"collection":[{"href":"https:\/\/www.lobodachi.com\/index.php?rest_route=\/wp\/v2\/product"}],"about":[{"href":"https:\/\/www.lobodachi.com\/index.php?rest_route=\/wp\/v2\/types\/product"}],"wp:featuredmedia":[{"embeddable":true,"href":"https:\/\/www.lobodachi.com\/index.php?rest_route=\/wp\/v2\/media\/3520"}],"wp:attachment":[{"href":"https:\/\/www.lobodachi.com\/index.php?rest_route=%2Fwp%2Fv2%2Fmedia&parent=3506"}],"curies":[{"name":"wp","href":"https:\/\/api.w.org\/{rel}","templated":true}]}}