{"id":3605,"date":"2022-09-20T23:32:29","date_gmt":"2022-09-20T23:32:29","guid":{"rendered":"https:\/\/www.lobodachi.com\/?post_type=product&#038;p=3605"},"modified":"2022-09-22T19:57:34","modified_gmt":"2022-09-22T19:57:34","slug":"bazar-figurita-12","status":"publish","type":"product","link":"https:\/\/www.lobodachi.com\/?product=bazar-figurita-12","title":{"rendered":"Kimetsu no Yaiba figurita (Bazar)"},"content":{"rendered":"<p>Lobodachi Bazar<br \/>\nLa mayor\u00eda de los art\u00edculos en <a href=\"https:\/\/www.lobodachi.com\/?product_cat=lobodachi-bazar\">esta secci\u00f3n<\/a> son de segunda mano, pero hay uno que otro que s\u00ed es nuevo.<br \/>\nTodos los art\u00edculos son originales; ya sean oficiales o con licencia.<br \/>\nEl pin de Lobodachi s\u00f3lo es para referencia de tama\u00f1o, mide 3cms de circunferencia.<\/p>\n","protected":false},"excerpt":{"rendered":"<p>Lobodachi Bazar La mayor\u00eda de los art\u00edculos en esta secci\u00f3n son de segunda mano, pero hay uno que otro que s\u00ed es nuevo. Todos los art\u00edculos son originales; ya sean oficiales o con licencia. El pin de Lobodachi s\u00f3lo es para referencia de tama\u00f1o, mide 3cms de circunferencia.<\/p>\n","protected":false},"featured_media":3567,"template":"","meta":[],"_links":{"self":[{"href":"https:\/\/www.lobodachi.com\/index.php?rest_route=\/wp\/v2\/product\/3605"}],"collection":[{"href":"https:\/\/www.lobodachi.com\/index.php?rest_route=\/wp\/v2\/product"}],"about":[{"href":"https:\/\/www.lobodachi.com\/index.php?rest_route=\/wp\/v2\/types\/product"}],"wp:featuredmedia":[{"embeddable":true,"href":"https:\/\/www.lobodachi.com\/index.php?rest_route=\/wp\/v2\/media\/3567"}],"wp:attachment":[{"href":"https:\/\/www.lobodachi.com\/index.php?rest_route=%2Fwp%2Fv2%2Fmedia&parent=3605"}],"curies":[{"name":"wp","href":"https:\/\/api.w.org\/{rel}","templated":true}]}}