{"id":3632,"date":"2022-09-21T07:47:54","date_gmt":"2022-09-21T07:47:54","guid":{"rendered":"https:\/\/www.lobodachi.com\/?post_type=product&#038;p=3632"},"modified":"2022-09-21T12:41:14","modified_gmt":"2022-09-21T12:41:14","slug":"bazar-llavero-2","status":"publish","type":"product","link":"https:\/\/www.lobodachi.com\/?product=bazar-llavero-2","title":{"rendered":"One Piece figurita (Bazar)"},"content":{"rendered":"<p>Lobodachi Bazar<br \/>La mayor\u00eda de los art\u00edculos en <a href=\"https:\/\/www.lobodachi.com\/?product_cat=lobodachi-bazar\">esta secci\u00f3n<\/a> son de segunda mano, pero hay uno que otro que s\u00ed es nuevo.<br \/>Todos los art\u00edculos son originales; ya sean oficiales o con licencia.<br \/>El pin de Lobodachi s\u00f3lo es para referencia de tama\u00f1o, mide 3cms de circunferencia.<\/p>\n","protected":false},"excerpt":{"rendered":"<p>Lobodachi BazarLa mayor\u00eda de los art\u00edculos en esta secci\u00f3n son de segunda mano, pero hay uno que otro que s\u00ed es nuevo.Todos los art\u00edculos son originales; ya sean oficiales o con licencia.El pin de Lobodachi s\u00f3lo es para referencia de tama\u00f1o, mide 3cms de circunferencia.<\/p>\n","protected":false},"featured_media":3647,"template":"","meta":[],"_links":{"self":[{"href":"https:\/\/www.lobodachi.com\/index.php?rest_route=\/wp\/v2\/product\/3632"}],"collection":[{"href":"https:\/\/www.lobodachi.com\/index.php?rest_route=\/wp\/v2\/product"}],"about":[{"href":"https:\/\/www.lobodachi.com\/index.php?rest_route=\/wp\/v2\/types\/product"}],"wp:featuredmedia":[{"embeddable":true,"href":"https:\/\/www.lobodachi.com\/index.php?rest_route=\/wp\/v2\/media\/3647"}],"wp:attachment":[{"href":"https:\/\/www.lobodachi.com\/index.php?rest_route=%2Fwp%2Fv2%2Fmedia&parent=3632"}],"curies":[{"name":"wp","href":"https:\/\/api.w.org\/{rel}","templated":true}]}}