{"id":3742,"date":"2022-10-21T20:12:09","date_gmt":"2022-10-21T20:12:09","guid":{"rendered":"https:\/\/www.lobodachi.com\/?post_type=product&#038;p=3742"},"modified":"2022-10-21T20:21:59","modified_gmt":"2022-10-21T20:21:59","slug":"ponyta-espejito-acrilico","status":"publish","type":"product","link":"https:\/\/www.lobodachi.com\/?product=ponyta-espejito-acrilico","title":{"rendered":"Ponyta espejito acr\u00edlico"},"content":{"rendered":"<p>Pokemon Center Originals<br \/>Accesorio<br \/>Espejo de acr\u00edlico<br \/>Ponyta Galar<\/p>\n<table class=\"product_info\">\n<tbody>\n<tr>\n<td>7\u00d77\u00d70.6:cm\u300031.3g<\/td>\n<\/tr>\n<\/tbody>\n<\/table>\n","protected":false},"excerpt":{"rendered":"<p>Pokemon Center OriginalsAccesorioEspejo de acr\u00edlicoPonyta Galar 7\u00d77\u00d70.6:cm\u300031.3g<\/p>\n","protected":false},"featured_media":3743,"template":"","meta":[],"_links":{"self":[{"href":"https:\/\/www.lobodachi.com\/index.php?rest_route=\/wp\/v2\/product\/3742"}],"collection":[{"href":"https:\/\/www.lobodachi.com\/index.php?rest_route=\/wp\/v2\/product"}],"about":[{"href":"https:\/\/www.lobodachi.com\/index.php?rest_route=\/wp\/v2\/types\/product"}],"wp:featuredmedia":[{"embeddable":true,"href":"https:\/\/www.lobodachi.com\/index.php?rest_route=\/wp\/v2\/media\/3743"}],"wp:attachment":[{"href":"https:\/\/www.lobodachi.com\/index.php?rest_route=%2Fwp%2Fv2%2Fmedia&parent=3742"}],"curies":[{"name":"wp","href":"https:\/\/api.w.org\/{rel}","templated":true}]}}