{"id":3765,"date":"2022-11-12T14:11:24","date_gmt":"2022-11-12T14:11:24","guid":{"rendered":"https:\/\/www.lobodachi.com\/?post_type=product&#038;p=3765"},"modified":"2022-11-12T15:40:16","modified_gmt":"2022-11-12T15:40:16","slug":"llavero-acrilico-kubfu","status":"publish","type":"product","link":"https:\/\/www.lobodachi.com\/?product=llavero-acrilico-kubfu","title":{"rendered":"Llavero Acr\u00edlico Kubfu"},"content":{"rendered":"<h3 class=\"woobe-modal-title\">Pokemon Center Originals<br \/>Kubfu\u00a0<br \/>Llavero acr\u00edlico<\/p>\n<\/h3>\n<table class=\"product_info\">\n<tbody>\n<tr>\n<td>13\u00d74\u00d71:cm\u300015.4g<\/td>\n<\/tr>\n<\/tbody>\n<\/table>\n","protected":false},"excerpt":{"rendered":"<p>Pokemon Center OriginalsKubfu\u00a0Llavero acr\u00edlico 13\u00d74\u00d71:cm\u300015.4g<\/p>\n","protected":false},"featured_media":3793,"template":"","meta":[],"_links":{"self":[{"href":"https:\/\/www.lobodachi.com\/index.php?rest_route=\/wp\/v2\/product\/3765"}],"collection":[{"href":"https:\/\/www.lobodachi.com\/index.php?rest_route=\/wp\/v2\/product"}],"about":[{"href":"https:\/\/www.lobodachi.com\/index.php?rest_route=\/wp\/v2\/types\/product"}],"wp:featuredmedia":[{"embeddable":true,"href":"https:\/\/www.lobodachi.com\/index.php?rest_route=\/wp\/v2\/media\/3793"}],"wp:attachment":[{"href":"https:\/\/www.lobodachi.com\/index.php?rest_route=%2Fwp%2Fv2%2Fmedia&parent=3765"}],"curies":[{"name":"wp","href":"https:\/\/api.w.org\/{rel}","templated":true}]}}