{"id":3772,"date":"2022-11-12T14:11:25","date_gmt":"2022-11-12T14:11:25","guid":{"rendered":"https:\/\/www.lobodachi.com\/?post_type=product&#038;p=3772"},"modified":"2022-12-01T18:47:04","modified_gmt":"2022-12-01T18:47:04","slug":"ditto-fit-variacion-morada","status":"publish","type":"product","link":"https:\/\/www.lobodachi.com\/?product=ditto-fit-variacion-morada","title":{"rendered":"Ditto Fit (variaci\u00f3n morada)"},"content":{"rendered":"<p>Pokemon Center Originals<br \/>Fit Collection<br \/>Ditto variaci\u00f3n morada<\/p>\n<table class=\"product_info\">\n<tbody>\n<tr>\n<td>8.5\u00d78\u00d76:cm\u300084.2g<\/td>\n<\/tr>\n<\/tbody>\n<\/table>\n","protected":false},"excerpt":{"rendered":"<p>Pokemon Center OriginalsFit CollectionDitto variaci\u00f3n morada 8.5\u00d78\u00d76:cm\u300084.2g<\/p>\n","protected":false},"featured_media":3787,"template":"","meta":[],"_links":{"self":[{"href":"https:\/\/www.lobodachi.com\/index.php?rest_route=\/wp\/v2\/product\/3772"}],"collection":[{"href":"https:\/\/www.lobodachi.com\/index.php?rest_route=\/wp\/v2\/product"}],"about":[{"href":"https:\/\/www.lobodachi.com\/index.php?rest_route=\/wp\/v2\/types\/product"}],"wp:featuredmedia":[{"embeddable":true,"href":"https:\/\/www.lobodachi.com\/index.php?rest_route=\/wp\/v2\/media\/3787"}],"wp:attachment":[{"href":"https:\/\/www.lobodachi.com\/index.php?rest_route=%2Fwp%2Fv2%2Fmedia&parent=3772"}],"curies":[{"name":"wp","href":"https:\/\/api.w.org\/{rel}","templated":true}]}}