{"id":3839,"date":"2022-12-16T01:51:14","date_gmt":"2022-12-16T01:51:14","guid":{"rendered":"https:\/\/www.lobodachi.com\/?post_type=product&#038;p=3839"},"modified":"2022-12-16T02:00:46","modified_gmt":"2022-12-16T02:00:46","slug":"set-de-cepillos-de-dientes-ninos-pokemon","status":"publish","type":"product","link":"https:\/\/www.lobodachi.com\/?product=set-de-cepillos-de-dientes-ninos-pokemon","title":{"rendered":"Set de Cepillos de dientes (ni\u00f1os) Pokemon"},"content":{"rendered":"<p>Pokemon Center Originals<\/p>\n<p>Cepillo de Dientes para ni\u00f1os<br \/>14\u00d71.8\u00d71.2:cm\u30009g<\/p>\n","protected":false},"excerpt":{"rendered":"<p>Pokemon Center Originals Cepillo de Dientes para ni\u00f1os14\u00d71.8\u00d71.2:cm\u30009g<\/p>\n","protected":false},"featured_media":3853,"template":"","meta":[],"_links":{"self":[{"href":"https:\/\/www.lobodachi.com\/index.php?rest_route=\/wp\/v2\/product\/3839"}],"collection":[{"href":"https:\/\/www.lobodachi.com\/index.php?rest_route=\/wp\/v2\/product"}],"about":[{"href":"https:\/\/www.lobodachi.com\/index.php?rest_route=\/wp\/v2\/types\/product"}],"wp:featuredmedia":[{"embeddable":true,"href":"https:\/\/www.lobodachi.com\/index.php?rest_route=\/wp\/v2\/media\/3853"}],"wp:attachment":[{"href":"https:\/\/www.lobodachi.com\/index.php?rest_route=%2Fwp%2Fv2%2Fmedia&parent=3839"}],"curies":[{"name":"wp","href":"https:\/\/api.w.org\/{rel}","templated":true}]}}