{"id":3894,"date":"2023-01-31T17:11:26","date_gmt":"2023-01-31T17:11:26","guid":{"rendered":"https:\/\/www.lobodachi.com\/?post_type=product&#038;p=3894"},"modified":"2023-01-31T17:54:22","modified_gmt":"2023-01-31T17:54:22","slug":"block-rob-famicom","status":"publish","type":"product","link":"https:\/\/www.lobodachi.com\/?product=block-rob-famicom","title":{"rendered":"Block ROB (Famicom)"},"content":{"rendered":"<p>Todos los art\u00edculos en la secci\u00f3n &#8220;Bazar Retro Gaming&#8221; son de segunda mano. <br \/>Todos los juegos fueron testeados y funcionaron, enti\u00e9ndase que al ser art\u00edculos de segunda mano es posible que se necesiten varios intentos para que funcionen. <br \/>Algunas bater\u00edas sirven y otras no, pero reemplazarlas es f\u00e1cil y poco costoso.\u00a0<br \/>Sobre bloqueo de Regi\u00f3n de los juegos: <br \/>Famicom; Sin bloqueo de regi\u00f3n a nivel de software, es necesario adaptador para NES. <br \/>Gameboy y Gameboy advance: Sin bloqueo de regi\u00f3n, cualquier GB o GBA corre los juegos sin necesidad de adaptadores. <br \/>Super Famicom: Sin bloqueo a nivel de software, se necesita adaptador, pero hay muchas opciones para poder jugar los juegos sin \u00e9l, aqu\u00ed te dejo algunas: <br \/><a href=\"https:\/\/retrogamestart.com\/answers\/8-ways-play-super-famicom-games-snes-more\" target=\"_blank\" rel=\"noopener noreferrer\">https:\/\/retrogamestart.com\/answers\/8-ways-play-super-famicom-games-snes-more<\/a><\/p>\n","protected":false},"excerpt":{"rendered":"<p>Todos los art\u00edculos en la secci\u00f3n &#8220;Bazar Retro Gaming&#8221; son de segunda mano. Todos los juegos fueron testeados y funcionaron, enti\u00e9ndase que al ser art\u00edculos de segunda mano es posible que se necesiten varios intentos para que funcionen. Algunas bater\u00edas sirven y otras no, pero reemplazarlas es f\u00e1cil y poco costoso.\u00a0Sobre bloqueo de Regi\u00f3n de<a class=\"more-link\" href=\"https:\/\/www.lobodachi.com\/?product=block-rob-famicom\">Leer m\u00e1s &xrarr; <\/a><\/p>\n","protected":false},"featured_media":3956,"template":"","meta":[],"_links":{"self":[{"href":"https:\/\/www.lobodachi.com\/index.php?rest_route=\/wp\/v2\/product\/3894"}],"collection":[{"href":"https:\/\/www.lobodachi.com\/index.php?rest_route=\/wp\/v2\/product"}],"about":[{"href":"https:\/\/www.lobodachi.com\/index.php?rest_route=\/wp\/v2\/types\/product"}],"wp:featuredmedia":[{"embeddable":true,"href":"https:\/\/www.lobodachi.com\/index.php?rest_route=\/wp\/v2\/media\/3956"}],"wp:attachment":[{"href":"https:\/\/www.lobodachi.com\/index.php?rest_route=%2Fwp%2Fv2%2Fmedia&parent=3894"}],"curies":[{"name":"wp","href":"https:\/\/api.w.org\/{rel}","templated":true}]}}