{"id":3975,"date":"2023-02-01T19:09:22","date_gmt":"2023-02-01T19:09:22","guid":{"rendered":"https:\/\/www.lobodachi.com\/?post_type=product&#038;p=3975"},"modified":"2023-02-01T19:29:46","modified_gmt":"2023-02-01T19:29:46","slug":"piplup-phone-stand-plush","status":"publish","type":"product","link":"https:\/\/www.lobodachi.com\/?product=piplup-phone-stand-plush","title":{"rendered":"Piplup Phone Stand Plush"},"content":{"rendered":"<p>Pokemon Center Original<\/p>\n<p>Piplup Plush Phone Stand<br \/>*No incluye tel\u00e9fono*<\/p>\n<p>15\u00d715\u00d713:cm 155g<\/p>\n","protected":false},"excerpt":{"rendered":"<p>Pokemon Center Original Piplup Plush Phone Stand*No incluye tel\u00e9fono* 15\u00d715\u00d713:cm 155g<\/p>\n","protected":false},"featured_media":3990,"template":"","meta":[],"_links":{"self":[{"href":"https:\/\/www.lobodachi.com\/index.php?rest_route=\/wp\/v2\/product\/3975"}],"collection":[{"href":"https:\/\/www.lobodachi.com\/index.php?rest_route=\/wp\/v2\/product"}],"about":[{"href":"https:\/\/www.lobodachi.com\/index.php?rest_route=\/wp\/v2\/types\/product"}],"wp:featuredmedia":[{"embeddable":true,"href":"https:\/\/www.lobodachi.com\/index.php?rest_route=\/wp\/v2\/media\/3990"}],"wp:attachment":[{"href":"https:\/\/www.lobodachi.com\/index.php?rest_route=%2Fwp%2Fv2%2Fmedia&parent=3975"}],"curies":[{"name":"wp","href":"https:\/\/api.w.org\/{rel}","templated":true}]}}