{"id":3999,"date":"2023-02-02T06:47:46","date_gmt":"2023-02-02T06:47:46","guid":{"rendered":"https:\/\/www.lobodachi.com\/?post_type=product&#038;p=3999"},"modified":"2023-02-02T15:33:25","modified_gmt":"2023-02-02T15:33:25","slug":"hello-kitty-bazar-2","status":"publish","type":"product","link":"https:\/\/www.lobodachi.com\/?product=hello-kitty-bazar-2","title":{"rendered":"Hello Kitty Figurita (Bazar)"},"content":{"rendered":"<p>Lobodachi Bazar<br \/>La mayor\u00eda de los art\u00edculos en\u00a0<a href=\"https:\/\/www.lobodachi.com\/?product_cat=lobodachi-bazar\">esta secci\u00f3n<\/a>\u00a0son de segunda mano, pero hay uno que otro que s\u00ed es nuevo.<br \/>Todos los art\u00edculos son originales; ya sean oficiales o con licencia.<br \/>El pin de Lobodachi s\u00f3lo es para referencia de tama\u00f1o, mide 3cms de circunferencia.<\/p>\n","protected":false},"excerpt":{"rendered":"<p>Lobodachi BazarLa mayor\u00eda de los art\u00edculos en\u00a0esta secci\u00f3n\u00a0son de segunda mano, pero hay uno que otro que s\u00ed es nuevo.Todos los art\u00edculos son originales; ya sean oficiales o con licencia.El pin de Lobodachi s\u00f3lo es para referencia de tama\u00f1o, mide 3cms de circunferencia.<\/p>\n","protected":false},"featured_media":4018,"template":"","meta":[],"_links":{"self":[{"href":"https:\/\/www.lobodachi.com\/index.php?rest_route=\/wp\/v2\/product\/3999"}],"collection":[{"href":"https:\/\/www.lobodachi.com\/index.php?rest_route=\/wp\/v2\/product"}],"about":[{"href":"https:\/\/www.lobodachi.com\/index.php?rest_route=\/wp\/v2\/types\/product"}],"wp:featuredmedia":[{"embeddable":true,"href":"https:\/\/www.lobodachi.com\/index.php?rest_route=\/wp\/v2\/media\/4018"}],"wp:attachment":[{"href":"https:\/\/www.lobodachi.com\/index.php?rest_route=%2Fwp%2Fv2%2Fmedia&parent=3999"}],"curies":[{"name":"wp","href":"https:\/\/api.w.org\/{rel}","templated":true}]}}