{"id":4049,"date":"2023-02-17T08:20:29","date_gmt":"2023-02-17T08:20:29","guid":{"rendered":"https:\/\/www.lobodachi.com\/?post_type=product&#038;p=4049"},"modified":"2025-07-17T02:24:21","modified_gmt":"2025-07-17T02:24:21","slug":"kimetsu-no-yaiba-figurita-bazar-4","status":"publish","type":"product","link":"https:\/\/www.lobodachi.com\/?product=kimetsu-no-yaiba-figurita-bazar-4","title":{"rendered":"Kimetsu no Yaiba Figurita (Bazar)"},"content":{"rendered":"<p>Lobodachi Bazar<br \/>\nLa mayor\u00eda de los art\u00edculos en\u00a0<a href=\"https:\/\/www.lobodachi.com\/?product_cat=lobodachi-bazar\">esta secci\u00f3n<\/a>\u00a0son de segunda mano, pero hay uno que otro que s\u00ed es nuevo.<br \/>\nTodos los art\u00edculos son originales; ya sean oficiales o con licencia.<br \/>\nEl pin de Lobodachi s\u00f3lo es para referencia de tama\u00f1o, mide 3cms de alto.<\/p>\n","protected":false},"excerpt":{"rendered":"<p>Lobodachi Bazar La mayor\u00eda de los art\u00edculos en\u00a0esta secci\u00f3n\u00a0son de segunda mano, pero hay uno que otro que s\u00ed es nuevo. Todos los art\u00edculos son originales; ya sean oficiales o con licencia. El pin de Lobodachi s\u00f3lo es para referencia de tama\u00f1o, mide 3cms de alto.<\/p>\n","protected":false},"featured_media":4057,"template":"","meta":[],"_links":{"self":[{"href":"https:\/\/www.lobodachi.com\/index.php?rest_route=\/wp\/v2\/product\/4049"}],"collection":[{"href":"https:\/\/www.lobodachi.com\/index.php?rest_route=\/wp\/v2\/product"}],"about":[{"href":"https:\/\/www.lobodachi.com\/index.php?rest_route=\/wp\/v2\/types\/product"}],"wp:featuredmedia":[{"embeddable":true,"href":"https:\/\/www.lobodachi.com\/index.php?rest_route=\/wp\/v2\/media\/4057"}],"wp:attachment":[{"href":"https:\/\/www.lobodachi.com\/index.php?rest_route=%2Fwp%2Fv2%2Fmedia&parent=4049"}],"curies":[{"name":"wp","href":"https:\/\/api.w.org\/{rel}","templated":true}]}}