{"id":4166,"date":"2023-08-14T16:15:55","date_gmt":"2023-08-14T16:15:55","guid":{"rendered":"https:\/\/www.lobodachi.com\/?post_type=product&#038;p=4166"},"modified":"2024-06-15T04:10:26","modified_gmt":"2024-06-15T04:10:26","slug":"led-lampara-chandelure","status":"publish","type":"product","link":"https:\/\/www.lobodachi.com\/?product=led-lampara-chandelure","title":{"rendered":"LED L\u00e1mpara Chandelure"},"content":{"rendered":"<p>Pokemon Center Original<br \/>Chandelure<br \/>LED L\u00e1mpara<br \/>34.3\u00d714\u00d716:cm\u3000210.0g<\/p>\n","protected":false},"excerpt":{"rendered":"<p>Pokemon Center OriginalChandelureLED L\u00e1mpara34.3\u00d714\u00d716:cm\u3000210.0g<\/p>\n","protected":false},"featured_media":4167,"template":"","meta":[],"_links":{"self":[{"href":"https:\/\/www.lobodachi.com\/index.php?rest_route=\/wp\/v2\/product\/4166"}],"collection":[{"href":"https:\/\/www.lobodachi.com\/index.php?rest_route=\/wp\/v2\/product"}],"about":[{"href":"https:\/\/www.lobodachi.com\/index.php?rest_route=\/wp\/v2\/types\/product"}],"wp:featuredmedia":[{"embeddable":true,"href":"https:\/\/www.lobodachi.com\/index.php?rest_route=\/wp\/v2\/media\/4167"}],"wp:attachment":[{"href":"https:\/\/www.lobodachi.com\/index.php?rest_route=%2Fwp%2Fv2%2Fmedia&parent=4166"}],"curies":[{"name":"wp","href":"https:\/\/api.w.org\/{rel}","templated":true}]}}