{"id":4499,"date":"2025-07-04T01:37:33","date_gmt":"2025-07-04T01:37:33","guid":{"rendered":"https:\/\/www.lobodachi.com\/?post_type=product&#038;p=4499"},"modified":"2025-07-04T06:51:01","modified_gmt":"2025-07-04T06:51:01","slug":"estatuilla-ano-del-perro-pokemon-growlithe","status":"publish","type":"product","link":"https:\/\/www.lobodachi.com\/?product=estatuilla-ano-del-perro-pokemon-growlithe","title":{"rendered":"Estatuilla A\u00f1o del Perro Pokemon Growlithe"},"content":{"rendered":"<p>Pok\u00e9mon Center<\/p>\n<p>Campana en forma de decoraci\u00f3n del Pok\u00e9mon Growlithe de Hisui<\/p>\n<p>8.5\u00d76\u00d75.5 cm<\/p>\n<h1 class=\"product-title\">\u00a0<\/h1>\n","protected":false},"excerpt":{"rendered":"<p>Pok\u00e9mon Center Campana en forma de decoraci\u00f3n del Pok\u00e9mon Growlithe de Hisui 8.5\u00d76\u00d75.5 cm \u00a0<\/p>\n","protected":false},"featured_media":4506,"template":"","meta":[],"_links":{"self":[{"href":"https:\/\/www.lobodachi.com\/index.php?rest_route=\/wp\/v2\/product\/4499"}],"collection":[{"href":"https:\/\/www.lobodachi.com\/index.php?rest_route=\/wp\/v2\/product"}],"about":[{"href":"https:\/\/www.lobodachi.com\/index.php?rest_route=\/wp\/v2\/types\/product"}],"wp:featuredmedia":[{"embeddable":true,"href":"https:\/\/www.lobodachi.com\/index.php?rest_route=\/wp\/v2\/media\/4506"}],"wp:attachment":[{"href":"https:\/\/www.lobodachi.com\/index.php?rest_route=%2Fwp%2Fv2%2Fmedia&parent=4499"}],"curies":[{"name":"wp","href":"https:\/\/api.w.org\/{rel}","templated":true}]}}