{"id":4500,"date":"2025-07-04T01:37:33","date_gmt":"2025-07-04T01:37:33","guid":{"rendered":"https:\/\/www.lobodachi.com\/?post_type=product&#038;p=4500"},"modified":"2025-08-02T03:20:22","modified_gmt":"2025-08-02T03:20:22","slug":"pokemon-center-25th-anniversary-pikachu-taza","status":"publish","type":"product","link":"https:\/\/www.lobodachi.com\/?product=pokemon-center-25th-anniversary-pikachu-taza","title":{"rendered":"Pokemon Center 25th Anniversary Pikachu Taza"},"content":{"rendered":"<p>Pok\u00e9mon Center<\/p>\n<p>Taza de Pikachu<\/p>\n<p>Pok\u00e9mon Center 25 Aniversario Edici\u00f3n Limitada<\/p>\n<p>7.5\u00d712.5\u00d79.0:cm 305g<\/p>\n","protected":false},"excerpt":{"rendered":"<p>Pok\u00e9mon Center Taza de Pikachu Pok\u00e9mon Center 25 Aniversario Edici\u00f3n Limitada 7.5\u00d712.5\u00d79.0:cm 305g<\/p>\n","protected":false},"featured_media":4505,"template":"","meta":[],"_links":{"self":[{"href":"https:\/\/www.lobodachi.com\/index.php?rest_route=\/wp\/v2\/product\/4500"}],"collection":[{"href":"https:\/\/www.lobodachi.com\/index.php?rest_route=\/wp\/v2\/product"}],"about":[{"href":"https:\/\/www.lobodachi.com\/index.php?rest_route=\/wp\/v2\/types\/product"}],"wp:featuredmedia":[{"embeddable":true,"href":"https:\/\/www.lobodachi.com\/index.php?rest_route=\/wp\/v2\/media\/4505"}],"wp:attachment":[{"href":"https:\/\/www.lobodachi.com\/index.php?rest_route=%2Fwp%2Fv2%2Fmedia&parent=4500"}],"curies":[{"name":"wp","href":"https:\/\/api.w.org\/{rel}","templated":true}]}}