{"id":4541,"date":"2025-07-05T00:36:39","date_gmt":"2025-07-05T00:36:39","guid":{"rendered":"https:\/\/www.lobodachi.com\/?post_type=product&#038;p=4541"},"modified":"2025-07-05T08:10:23","modified_gmt":"2025-07-05T08:10:23","slug":"set-de-cartas-de-energia-pokemon-scarlet-violet-107","status":"publish","type":"product","link":"https:\/\/www.lobodachi.com\/?product=set-de-cartas-de-energia-pokemon-scarlet-violet-107","title":{"rendered":"Set de cartas de energ\u00eda Pokemon Scarlet &amp; Violet (107)"},"content":{"rendered":"<p>Pok\u00e9mon Center<\/p>\n<p>Set de Cartas de energ\u00eda Pok\u00e9mon Escarlata &amp; Purpura<\/p>\n<p>Incluye:<\/p>\n<p>104 cartas de energ\u00eda (13 cartas de 8 tipos diferentes de energ\u00eda)<\/p>\n<p>3 cartas de Entrenador<\/p>\n<p>1 Moneda<\/p>\n<p>Contadores de da\u00f1o<\/p>\n","protected":false},"excerpt":{"rendered":"<p>Pok\u00e9mon Center Set de Cartas de energ\u00eda Pok\u00e9mon Escarlata &amp; Purpura Incluye: 104 cartas de energ\u00eda (13 cartas de 8 tipos diferentes de energ\u00eda) 3 cartas de Entrenador 1 Moneda Contadores de da\u00f1o<\/p>\n","protected":false},"featured_media":4549,"template":"","meta":[],"_links":{"self":[{"href":"https:\/\/www.lobodachi.com\/index.php?rest_route=\/wp\/v2\/product\/4541"}],"collection":[{"href":"https:\/\/www.lobodachi.com\/index.php?rest_route=\/wp\/v2\/product"}],"about":[{"href":"https:\/\/www.lobodachi.com\/index.php?rest_route=\/wp\/v2\/types\/product"}],"wp:featuredmedia":[{"embeddable":true,"href":"https:\/\/www.lobodachi.com\/index.php?rest_route=\/wp\/v2\/media\/4549"}],"wp:attachment":[{"href":"https:\/\/www.lobodachi.com\/index.php?rest_route=%2Fwp%2Fv2%2Fmedia&parent=4541"}],"curies":[{"name":"wp","href":"https:\/\/api.w.org\/{rel}","templated":true}]}}