{"id":4551,"date":"2025-07-05T01:05:55","date_gmt":"2025-07-05T01:05:55","guid":{"rendered":"https:\/\/www.lobodachi.com\/?post_type=product&#038;p=4551"},"modified":"2025-07-05T08:10:32","modified_gmt":"2025-07-05T08:10:32","slug":"calcetines-plush-sprigatito-23-25-cm-par","status":"publish","type":"product","link":"https:\/\/www.lobodachi.com\/?product=calcetines-plush-sprigatito-23-25-cm-par","title":{"rendered":"Calcetines plush Sprigatito (23-25 cm) Par"},"content":{"rendered":"<p>Pok\u00e9mon Center<\/p>\n<p>Calcetines Sprigatito (23-25cm)<\/p>\n<p>25\u00d78\u00d73 cm\u3000<\/p>\n<p>45g<\/p>\n<p>\u00a0<\/p>\n","protected":false},"excerpt":{"rendered":"<p>Pok\u00e9mon Center Calcetines Sprigatito (23-25cm) 25\u00d78\u00d73 cm\u3000 45g \u00a0<\/p>\n","protected":false},"featured_media":4555,"template":"","meta":[],"_links":{"self":[{"href":"https:\/\/www.lobodachi.com\/index.php?rest_route=\/wp\/v2\/product\/4551"}],"collection":[{"href":"https:\/\/www.lobodachi.com\/index.php?rest_route=\/wp\/v2\/product"}],"about":[{"href":"https:\/\/www.lobodachi.com\/index.php?rest_route=\/wp\/v2\/types\/product"}],"wp:featuredmedia":[{"embeddable":true,"href":"https:\/\/www.lobodachi.com\/index.php?rest_route=\/wp\/v2\/media\/4555"}],"wp:attachment":[{"href":"https:\/\/www.lobodachi.com\/index.php?rest_route=%2Fwp%2Fv2%2Fmedia&parent=4551"}],"curies":[{"name":"wp","href":"https:\/\/api.w.org\/{rel}","templated":true}]}}