{"id":4570,"date":"2025-07-05T03:26:27","date_gmt":"2025-07-05T03:26:27","guid":{"rendered":"https:\/\/www.lobodachi.com\/?post_type=product&#038;p=4570"},"modified":"2025-07-15T07:40:58","modified_gmt":"2025-07-15T07:40:58","slug":"pikachu-ryumai-okinawa-plush","status":"publish","type":"product","link":"https:\/\/www.lobodachi.com\/?product=pikachu-ryumai-okinawa-plush","title":{"rendered":"Pikachu Ryumai Okinawa Plush"},"content":{"rendered":"<p>Pok\u00e9mon Center<\/p>\n<p>Pikachu Ryumai Hembra<\/p>\n<p>Pok\u00e9mon Center Okinawa<\/p>\n<p>20\u00d718.5\u00d710 cm<\/p>\n<p>112g<\/p>\n<p>\u00a0<\/p>\n","protected":false},"excerpt":{"rendered":"<p>Pok\u00e9mon Center Pikachu Ryumai Hembra Pok\u00e9mon Center Okinawa 20\u00d718.5\u00d710 cm 112g \u00a0<\/p>\n","protected":false},"featured_media":4579,"template":"","meta":[],"_links":{"self":[{"href":"https:\/\/www.lobodachi.com\/index.php?rest_route=\/wp\/v2\/product\/4570"}],"collection":[{"href":"https:\/\/www.lobodachi.com\/index.php?rest_route=\/wp\/v2\/product"}],"about":[{"href":"https:\/\/www.lobodachi.com\/index.php?rest_route=\/wp\/v2\/types\/product"}],"wp:featuredmedia":[{"embeddable":true,"href":"https:\/\/www.lobodachi.com\/index.php?rest_route=\/wp\/v2\/media\/4579"}],"wp:attachment":[{"href":"https:\/\/www.lobodachi.com\/index.php?rest_route=%2Fwp%2Fv2%2Fmedia&parent=4570"}],"curies":[{"name":"wp","href":"https:\/\/api.w.org\/{rel}","templated":true}]}}