{"id":4584,"date":"2025-07-05T23:02:49","date_gmt":"2025-07-05T23:02:49","guid":{"rendered":"https:\/\/www.lobodachi.com\/?post_type=product&#038;p=4584"},"modified":"2025-07-06T03:55:33","modified_gmt":"2025-07-06T03:55:33","slug":"pikachu-gohan-hiroshima-mascot","status":"publish","type":"product","link":"https:\/\/www.lobodachi.com\/?product=pikachu-gohan-hiroshima-mascot","title":{"rendered":"Pikachu Gohan Hiroshima Mascot"},"content":{"rendered":"<p>Pok\u00e9mon Center<\/p>\n<p>Pikachu esp\u00e1tula de arroz Pok\u00e9mon Center Hiroshima<\/p>\n<p>12\u00d77\u00d713 cm<\/p>\n<p>37 g<\/p>\n<p>\u00a0<\/p>\n","protected":false},"excerpt":{"rendered":"<p>Pok\u00e9mon Center Pikachu esp\u00e1tula de arroz Pok\u00e9mon Center Hiroshima 12\u00d77\u00d713 cm 37 g \u00a0<\/p>\n","protected":false},"featured_media":4586,"template":"","meta":[],"_links":{"self":[{"href":"https:\/\/www.lobodachi.com\/index.php?rest_route=\/wp\/v2\/product\/4584"}],"collection":[{"href":"https:\/\/www.lobodachi.com\/index.php?rest_route=\/wp\/v2\/product"}],"about":[{"href":"https:\/\/www.lobodachi.com\/index.php?rest_route=\/wp\/v2\/types\/product"}],"wp:featuredmedia":[{"embeddable":true,"href":"https:\/\/www.lobodachi.com\/index.php?rest_route=\/wp\/v2\/media\/4586"}],"wp:attachment":[{"href":"https:\/\/www.lobodachi.com\/index.php?rest_route=%2Fwp%2Fv2%2Fmedia&parent=4584"}],"curies":[{"name":"wp","href":"https:\/\/api.w.org\/{rel}","templated":true}]}}