{"id":4585,"date":"2025-07-05T23:02:50","date_gmt":"2025-07-05T23:02:50","guid":{"rendered":"https:\/\/www.lobodachi.com\/?post_type=product&#038;p=4585"},"modified":"2025-08-15T07:26:49","modified_gmt":"2025-08-15T07:26:49","slug":"pikachu-mascot-yum-yum-easter","status":"publish","type":"product","link":"https:\/\/www.lobodachi.com\/?product=pikachu-mascot-yum-yum-easter","title":{"rendered":"Pikachu Mascot Yum Yum Easter"},"content":{"rendered":"<p>Pok\u00e9mon Center<\/p>\n<p>Pikachu Mascot Pok\u00e9mon Yum Yum Easter<\/p>\n<p>13 \u00d7 7 \u00d7 8 cm<\/p>\n<p>49g<\/p>\n","protected":false},"excerpt":{"rendered":"<p>Pok\u00e9mon Center Pikachu Mascot Pok\u00e9mon Yum Yum Easter 13 \u00d7 7 \u00d7 8 cm 49g<\/p>\n","protected":false},"featured_media":4590,"template":"","meta":[],"_links":{"self":[{"href":"https:\/\/www.lobodachi.com\/index.php?rest_route=\/wp\/v2\/product\/4585"}],"collection":[{"href":"https:\/\/www.lobodachi.com\/index.php?rest_route=\/wp\/v2\/product"}],"about":[{"href":"https:\/\/www.lobodachi.com\/index.php?rest_route=\/wp\/v2\/types\/product"}],"wp:featuredmedia":[{"embeddable":true,"href":"https:\/\/www.lobodachi.com\/index.php?rest_route=\/wp\/v2\/media\/4590"}],"wp:attachment":[{"href":"https:\/\/www.lobodachi.com\/index.php?rest_route=%2Fwp%2Fv2%2Fmedia&parent=4585"}],"curies":[{"name":"wp","href":"https:\/\/api.w.org\/{rel}","templated":true}]}}