{"id":4612,"date":"2025-07-06T00:39:46","date_gmt":"2025-07-06T00:39:46","guid":{"rendered":"https:\/\/www.lobodachi.com\/?post_type=product&#038;p=4612"},"modified":"2025-07-06T03:56:07","modified_gmt":"2025-07-06T03:56:07","slug":"rayquaza-negro-fit","status":"publish","type":"product","link":"https:\/\/www.lobodachi.com\/?product=rayquaza-negro-fit","title":{"rendered":"Rayquaza negro Fit"},"content":{"rendered":"<p>Pok\u00e9mon Center<\/p>\n<p>Pokemon Fit Rayquaza negro<\/p>\n<p>17\u00d712\u00d720 cm\u3000<\/p>\n<p>59g<\/p>\n","protected":false},"excerpt":{"rendered":"<p>Pok\u00e9mon Center Pokemon Fit Rayquaza negro 17\u00d712\u00d720 cm\u3000 59g<\/p>\n","protected":false},"featured_media":4616,"template":"","meta":[],"_links":{"self":[{"href":"https:\/\/www.lobodachi.com\/index.php?rest_route=\/wp\/v2\/product\/4612"}],"collection":[{"href":"https:\/\/www.lobodachi.com\/index.php?rest_route=\/wp\/v2\/product"}],"about":[{"href":"https:\/\/www.lobodachi.com\/index.php?rest_route=\/wp\/v2\/types\/product"}],"wp:featuredmedia":[{"embeddable":true,"href":"https:\/\/www.lobodachi.com\/index.php?rest_route=\/wp\/v2\/media\/4616"}],"wp:attachment":[{"href":"https:\/\/www.lobodachi.com\/index.php?rest_route=%2Fwp%2Fv2%2Fmedia&parent=4612"}],"curies":[{"name":"wp","href":"https:\/\/api.w.org\/{rel}","templated":true}]}}