{"id":4613,"date":"2025-07-06T00:39:46","date_gmt":"2025-07-06T00:39:46","guid":{"rendered":"https:\/\/www.lobodachi.com\/?post_type=product&#038;p=4613"},"modified":"2026-04-01T03:32:23","modified_gmt":"2026-04-01T03:32:23","slug":"sustituto-almohada-plush-convertible","status":"publish","type":"product","link":"https:\/\/www.lobodachi.com\/?product=sustituto-almohada-plush-convertible","title":{"rendered":"Sustituto Almohada Plush convertible"},"content":{"rendered":"<p>Pok\u00e9mon Center<\/p>\n<p>Almohada Sustituto convertible<\/p>\n<p>29 \u00d730 \u00d79 cm\u3000<\/p>\n<p>200g<\/p>\n","protected":false},"excerpt":{"rendered":"<p>Pok\u00e9mon Center Almohada Sustituto convertible 29 \u00d730 \u00d79 cm\u3000 200g<\/p>\n","protected":false},"featured_media":4618,"template":"","meta":[],"_links":{"self":[{"href":"https:\/\/www.lobodachi.com\/index.php?rest_route=\/wp\/v2\/product\/4613"}],"collection":[{"href":"https:\/\/www.lobodachi.com\/index.php?rest_route=\/wp\/v2\/product"}],"about":[{"href":"https:\/\/www.lobodachi.com\/index.php?rest_route=\/wp\/v2\/types\/product"}],"wp:featuredmedia":[{"embeddable":true,"href":"https:\/\/www.lobodachi.com\/index.php?rest_route=\/wp\/v2\/media\/4618"}],"wp:attachment":[{"href":"https:\/\/www.lobodachi.com\/index.php?rest_route=%2Fwp%2Fv2%2Fmedia&parent=4613"}],"curies":[{"name":"wp","href":"https:\/\/api.w.org\/{rel}","templated":true}]}}