{"id":4626,"date":"2025-07-06T01:15:41","date_gmt":"2025-07-06T01:15:41","guid":{"rendered":"https:\/\/www.lobodachi.com\/?post_type=product&#038;p=4626"},"modified":"2025-07-16T08:46:57","modified_gmt":"2025-07-16T08:46:57","slug":"descanso-para-palillos-tatsugiri-salmon","status":"publish","type":"product","link":"https:\/\/www.lobodachi.com\/?product=descanso-para-palillos-tatsugiri-salmon","title":{"rendered":"Descanso para palillos Tatsugiri (salm\u00f3n)"},"content":{"rendered":"<p>Pok\u00e9mon Center<\/p>\n<p>Descanso para palillos Tatsugiri forma L\u00e1nguida<\/p>\n<p>2.8\u00d75.3\u00d7 2.2 cm\u3000<\/p>\n<p>27g<\/p>\n","protected":false},"excerpt":{"rendered":"<p>Pok\u00e9mon Center Descanso para palillos Tatsugiri forma L\u00e1nguida 2.8\u00d75.3\u00d7 2.2 cm\u3000 27g<\/p>\n","protected":false},"featured_media":4632,"template":"","meta":[],"_links":{"self":[{"href":"https:\/\/www.lobodachi.com\/index.php?rest_route=\/wp\/v2\/product\/4626"}],"collection":[{"href":"https:\/\/www.lobodachi.com\/index.php?rest_route=\/wp\/v2\/product"}],"about":[{"href":"https:\/\/www.lobodachi.com\/index.php?rest_route=\/wp\/v2\/types\/product"}],"wp:featuredmedia":[{"embeddable":true,"href":"https:\/\/www.lobodachi.com\/index.php?rest_route=\/wp\/v2\/media\/4632"}],"wp:attachment":[{"href":"https:\/\/www.lobodachi.com\/index.php?rest_route=%2Fwp%2Fv2%2Fmedia&parent=4626"}],"curies":[{"name":"wp","href":"https:\/\/api.w.org\/{rel}","templated":true}]}}