{"id":4646,"date":"2025-07-06T21:21:45","date_gmt":"2025-07-06T21:21:45","guid":{"rendered":"https:\/\/www.lobodachi.com\/?post_type=product&#038;p=4646"},"modified":"2025-07-07T06:35:51","modified_gmt":"2025-07-07T06:35:51","slug":"pokemon-trainers-charms-set-brassius","status":"publish","type":"product","link":"https:\/\/www.lobodachi.com\/?product=pokemon-trainers-charms-set-brassius","title":{"rendered":"Pokemon Trainers Charms set (Brassius)"},"content":{"rendered":"<p>Pok\u00e9mon Center<\/p>\n<p>Colgantes Cremallera de Brassius<\/p>\n<p>6.5 \u00d7 2 \u00d7 0.17 cm 5g<br \/>6 \u00d7 2.3 \u00d7 0.2 cm 5g<\/p>\n<p>\u00a0<\/p>\n<p>\u00a0<\/p>\n","protected":false},"excerpt":{"rendered":"<p>Pok\u00e9mon Center Colgantes Cremallera de Brassius 6.5 \u00d7 2 \u00d7 0.17 cm 5g6 \u00d7 2.3 \u00d7 0.2 cm 5g \u00a0 \u00a0<\/p>\n","protected":false},"featured_media":4651,"template":"","meta":[],"_links":{"self":[{"href":"https:\/\/www.lobodachi.com\/index.php?rest_route=\/wp\/v2\/product\/4646"}],"collection":[{"href":"https:\/\/www.lobodachi.com\/index.php?rest_route=\/wp\/v2\/product"}],"about":[{"href":"https:\/\/www.lobodachi.com\/index.php?rest_route=\/wp\/v2\/types\/product"}],"wp:featuredmedia":[{"embeddable":true,"href":"https:\/\/www.lobodachi.com\/index.php?rest_route=\/wp\/v2\/media\/4651"}],"wp:attachment":[{"href":"https:\/\/www.lobodachi.com\/index.php?rest_route=%2Fwp%2Fv2%2Fmedia&parent=4646"}],"curies":[{"name":"wp","href":"https:\/\/api.w.org\/{rel}","templated":true}]}}