{"id":4657,"date":"2025-07-06T21:43:42","date_gmt":"2025-07-06T21:43:42","guid":{"rendered":"https:\/\/www.lobodachi.com\/?post_type=product&#038;p=4657"},"modified":"2025-07-10T18:34:16","modified_gmt":"2025-07-10T18:34:16","slug":"mimikyu-fit-normal-form","status":"publish","type":"product","link":"https:\/\/www.lobodachi.com\/?product=mimikyu-fit-normal-form","title":{"rendered":"Mimikyu Fit (normal form)"},"content":{"rendered":"<p>Pok\u00e9mon Center<\/p>\n<p>Pok\u00e9mon Fit Mimikyu forma encubierta<\/p>\n<p>10\u00d712\u00d717 cm<\/p>\n<p>64g<\/p>\n","protected":false},"excerpt":{"rendered":"<p>Pok\u00e9mon Center Pok\u00e9mon Fit Mimikyu forma encubierta 10\u00d712\u00d717 cm 64g<\/p>\n","protected":false},"featured_media":4660,"template":"","meta":[],"_links":{"self":[{"href":"https:\/\/www.lobodachi.com\/index.php?rest_route=\/wp\/v2\/product\/4657"}],"collection":[{"href":"https:\/\/www.lobodachi.com\/index.php?rest_route=\/wp\/v2\/product"}],"about":[{"href":"https:\/\/www.lobodachi.com\/index.php?rest_route=\/wp\/v2\/types\/product"}],"wp:featuredmedia":[{"embeddable":true,"href":"https:\/\/www.lobodachi.com\/index.php?rest_route=\/wp\/v2\/media\/4660"}],"wp:attachment":[{"href":"https:\/\/www.lobodachi.com\/index.php?rest_route=%2Fwp%2Fv2%2Fmedia&parent=4657"}],"curies":[{"name":"wp","href":"https:\/\/api.w.org\/{rel}","templated":true}]}}