{"id":4665,"date":"2025-07-06T22:09:14","date_gmt":"2025-07-06T22:09:14","guid":{"rendered":"https:\/\/www.lobodachi.com\/?post_type=product&#038;p=4665"},"modified":"2025-07-07T06:36:21","modified_gmt":"2025-07-07T06:36:21","slug":"cuaderno-a5-pokemon-tokyo-bay","status":"publish","type":"product","link":"https:\/\/www.lobodachi.com\/?product=cuaderno-a5-pokemon-tokyo-bay","title":{"rendered":"Cuaderno A5 Pokemon Tokyo Bay"},"content":{"rendered":"<p>Pok\u00e9mon Center<\/p>\n<p>Cuaderno A5 Pok\u00e9mon Bah\u00eda de Tokio<\/p>\n<p>14.8 x 21 x 1.5 cm<\/p>\n<p>220g<\/p>\n<p>\u00a0<\/p>\n<p>\u00a0<\/p>\n","protected":false},"excerpt":{"rendered":"<p>Pok\u00e9mon Center Cuaderno A5 Pok\u00e9mon Bah\u00eda de Tokio 14.8 x 21 x 1.5 cm 220g \u00a0 \u00a0<\/p>\n","protected":false},"featured_media":4672,"template":"","meta":[],"_links":{"self":[{"href":"https:\/\/www.lobodachi.com\/index.php?rest_route=\/wp\/v2\/product\/4665"}],"collection":[{"href":"https:\/\/www.lobodachi.com\/index.php?rest_route=\/wp\/v2\/product"}],"about":[{"href":"https:\/\/www.lobodachi.com\/index.php?rest_route=\/wp\/v2\/types\/product"}],"wp:featuredmedia":[{"embeddable":true,"href":"https:\/\/www.lobodachi.com\/index.php?rest_route=\/wp\/v2\/media\/4672"}],"wp:attachment":[{"href":"https:\/\/www.lobodachi.com\/index.php?rest_route=%2Fwp%2Fv2%2Fmedia&parent=4665"}],"curies":[{"name":"wp","href":"https:\/\/api.w.org\/{rel}","templated":true}]}}