{"id":4666,"date":"2025-07-06T22:09:14","date_gmt":"2025-07-06T22:09:14","guid":{"rendered":"https:\/\/www.lobodachi.com\/?post_type=product&#038;p=4666"},"modified":"2025-07-07T06:36:12","modified_gmt":"2025-07-07T06:36:12","slug":"poltchageist-contenedor-de-te-ceramica","status":"publish","type":"product","link":"https:\/\/www.lobodachi.com\/?product=poltchageist-contenedor-de-te-ceramica","title":{"rendered":"Poltchageist Contenedor de T\u00e9 (cer\u00e1mica)"},"content":{"rendered":"<p>Pok\u00e9mon Center<\/p>\n<p>Contenedor de T\u00e9 (Cer\u00e1mica)\u00a0<\/p>\n<p>Poltchageist<\/p>\n<p>10.5 \u00d7 10 \u00d7 7 cm\u3000<\/p>\n<p>160g<\/p>\n<p>\u00a0<\/p>\n","protected":false},"excerpt":{"rendered":"<p>Pok\u00e9mon Center Contenedor de T\u00e9 (Cer\u00e1mica)\u00a0 Poltchageist 10.5 \u00d7 10 \u00d7 7 cm\u3000 160g \u00a0<\/p>\n","protected":false},"featured_media":4671,"template":"","meta":[],"_links":{"self":[{"href":"https:\/\/www.lobodachi.com\/index.php?rest_route=\/wp\/v2\/product\/4666"}],"collection":[{"href":"https:\/\/www.lobodachi.com\/index.php?rest_route=\/wp\/v2\/product"}],"about":[{"href":"https:\/\/www.lobodachi.com\/index.php?rest_route=\/wp\/v2\/types\/product"}],"wp:featuredmedia":[{"embeddable":true,"href":"https:\/\/www.lobodachi.com\/index.php?rest_route=\/wp\/v2\/media\/4671"}],"wp:attachment":[{"href":"https:\/\/www.lobodachi.com\/index.php?rest_route=%2Fwp%2Fv2%2Fmedia&parent=4666"}],"curies":[{"name":"wp","href":"https:\/\/api.w.org\/{rel}","templated":true}]}}