{"id":4668,"date":"2025-07-06T22:09:14","date_gmt":"2025-07-06T22:09:14","guid":{"rendered":"https:\/\/www.lobodachi.com\/?post_type=product&#038;p=4668"},"modified":"2025-07-07T06:36:16","modified_gmt":"2025-07-07T06:36:16","slug":"pikachu-plush-tokyo-bay","status":"publish","type":"product","link":"https:\/\/www.lobodachi.com\/?product=pikachu-plush-tokyo-bay","title":{"rendered":"Pikachu Plush Tokyo Bay"},"content":{"rendered":"<p>Pok\u00e9mon Center<\/p>\n<p>Pikachu Plush Bah\u00eda de Tokio<\/p>\n<p>20\u00d716\u00d711 cm\u3000<\/p>\n<p>118g<\/p>\n","protected":false},"excerpt":{"rendered":"<p>Pok\u00e9mon Center Pikachu Plush Bah\u00eda de Tokio 20\u00d716\u00d711 cm\u3000 118g<\/p>\n","protected":false},"featured_media":4674,"template":"","meta":[],"_links":{"self":[{"href":"https:\/\/www.lobodachi.com\/index.php?rest_route=\/wp\/v2\/product\/4668"}],"collection":[{"href":"https:\/\/www.lobodachi.com\/index.php?rest_route=\/wp\/v2\/product"}],"about":[{"href":"https:\/\/www.lobodachi.com\/index.php?rest_route=\/wp\/v2\/types\/product"}],"wp:featuredmedia":[{"embeddable":true,"href":"https:\/\/www.lobodachi.com\/index.php?rest_route=\/wp\/v2\/media\/4674"}],"wp:attachment":[{"href":"https:\/\/www.lobodachi.com\/index.php?rest_route=%2Fwp%2Fv2%2Fmedia&parent=4668"}],"curies":[{"name":"wp","href":"https:\/\/api.w.org\/{rel}","templated":true}]}}