{"id":4676,"date":"2025-07-06T23:57:48","date_gmt":"2025-07-06T23:57:48","guid":{"rendered":"https:\/\/www.lobodachi.com\/?post_type=product&#038;p=4676"},"modified":"2025-07-18T11:54:27","modified_gmt":"2025-07-18T11:54:27","slug":"reshiram-fit","status":"publish","type":"product","link":"https:\/\/www.lobodachi.com\/?product=reshiram-fit","title":{"rendered":"Reshiram Fit"},"content":{"rendered":"<p>Pok\u00e9mon Center<\/p>\n<p>Pok\u00e9mon Fit Reshiram Plush<\/p>\n<p>17.5 \u00d719\u00d718.5 cm\u3000<\/p>\n<p>94g<\/p>\n","protected":false},"excerpt":{"rendered":"<p>Pok\u00e9mon Center Pok\u00e9mon Fit Reshiram Plush 17.5 \u00d719\u00d718.5 cm\u3000 94g<\/p>\n","protected":false},"featured_media":4680,"template":"","meta":[],"_links":{"self":[{"href":"https:\/\/www.lobodachi.com\/index.php?rest_route=\/wp\/v2\/product\/4676"}],"collection":[{"href":"https:\/\/www.lobodachi.com\/index.php?rest_route=\/wp\/v2\/product"}],"about":[{"href":"https:\/\/www.lobodachi.com\/index.php?rest_route=\/wp\/v2\/types\/product"}],"wp:featuredmedia":[{"embeddable":true,"href":"https:\/\/www.lobodachi.com\/index.php?rest_route=\/wp\/v2\/media\/4680"}],"wp:attachment":[{"href":"https:\/\/www.lobodachi.com\/index.php?rest_route=%2Fwp%2Fv2%2Fmedia&parent=4676"}],"curies":[{"name":"wp","href":"https:\/\/api.w.org\/{rel}","templated":true}]}}