{"id":4678,"date":"2025-07-06T23:57:49","date_gmt":"2025-07-06T23:57:49","guid":{"rendered":"https:\/\/www.lobodachi.com\/?post_type=product&#038;p=4678"},"modified":"2025-07-07T06:36:27","modified_gmt":"2025-07-07T06:36:27","slug":"pokemon-trainers-cynthia-plush","status":"publish","type":"product","link":"https:\/\/www.lobodachi.com\/?product=pokemon-trainers-cynthia-plush","title":{"rendered":"Pokemon Trainers Cynthia Plush"},"content":{"rendered":"<p>Pok\u00e9mon Center<\/p>\n<p>Llavero Cynthia Plush<\/p>\n<p>14\u00d710\u00d712 cm<\/p>\n<p>55g<\/p>\n","protected":false},"excerpt":{"rendered":"<p>Pok\u00e9mon Center Llavero Cynthia Plush 14\u00d710\u00d712 cm 55g<\/p>\n","protected":false},"featured_media":4682,"template":"","meta":[],"_links":{"self":[{"href":"https:\/\/www.lobodachi.com\/index.php?rest_route=\/wp\/v2\/product\/4678"}],"collection":[{"href":"https:\/\/www.lobodachi.com\/index.php?rest_route=\/wp\/v2\/product"}],"about":[{"href":"https:\/\/www.lobodachi.com\/index.php?rest_route=\/wp\/v2\/types\/product"}],"wp:featuredmedia":[{"embeddable":true,"href":"https:\/\/www.lobodachi.com\/index.php?rest_route=\/wp\/v2\/media\/4682"}],"wp:attachment":[{"href":"https:\/\/www.lobodachi.com\/index.php?rest_route=%2Fwp%2Fv2%2Fmedia&parent=4678"}],"curies":[{"name":"wp","href":"https:\/\/api.w.org\/{rel}","templated":true}]}}